{"id":254,"date":"2024-03-30T19:26:05","date_gmt":"2024-03-30T18:26:05","guid":{"rendered":"https:\/\/dislabequipomedico.com\/?page_id=254"},"modified":"2024-05-20T17:31:31","modified_gmt":"2024-05-20T23:31:31","slug":"hematologia","status":"publish","type":"page","link":"https:\/\/dislabequipomedico.com\/index.php\/hematologia\/","title":{"rendered":"Hematolog\u00eda"},"content":{"rendered":"<div class=\"n2_clear\"><ss3-force-full-width data-overflow-x=\"body\" data-horizontal-selector=\"body\"><div class=\"n2-section-smartslider fitvidsignore  n2_clear\" data-ssid=\"6\"><div id=\"n2-ss-6-align\" class=\"n2-ss-align\"><div class=\"n2-padding\"><div id=\"n2-ss-6\" data-creator=\"Smart Slider 3\" data-responsive=\"fullwidth\" class=\"n2-ss-slider n2-ow n2-has-hover n2notransition  \">\n        <div class=\"n2-ss-slider-1 n2-ow\">\n            <div class=\"n2-ss-slider-2 n2-ow\">\n                <div class=\"n2-ss-slide-backgrounds n2-ow-all\"><div class=\"n2-ss-slide-background\" data-public-id=\"1\" data-mode=\"fill\"><div data-color=\"RGBA(255,255,255,0)\" style=\"background-color: RGBA(255,255,255,0);\" class=\"n2-ss-slide-background-color\"><\/div><\/div><\/div>                <div class=\"n2-ss-slider-3 n2-ow\">\n                    <svg xmlns=\"http:\/\/www.w3.org\/2000\/svg\" viewBox=\"0 0 1200 400\" data-related-device=\"desktopPortrait\" class=\"n2-ow n2-ss-preserve-size n2-ss-preserve-size--slider n2-ss-slide-limiter\"><\/svg><div data-first=\"1\" data-slide-duration=\"0\" data-id=\"16\" data-slide-public-id=\"1\" data-title=\"Slide\" class=\"n2-ss-slide n2-ow  n2-ss-slide-16\"><div role=\"note\" class=\"n2-ss-slide--focus\" tabindex=\"-1\">Slide<\/div><div class=\"n2-ss-layers-container n2-ss-slide-limiter n2-ow\"><div class=\"n2-ss-layer n2-ow n-uc-om9I7JuJQl86\" data-sstype=\"slide\" data-pm=\"default\"><div class=\"n2-ss-layer n2-ow n-uc-Lb1gJn0iV2j3\" data-pm=\"default\" data-sstype=\"content\" data-hasbackground=\"1\"><div class=\"n2-ss-section-main-content n2-ss-layer-with-background n2-ss-layer-content n2-ow n-uc-Lb1gJn0iV2j3-inner\"><div class=\"n2-ss-layer n2-ow n-uc-6FjFsE6ztHW7\" data-pm=\"absolute\" data-responsiveposition=\"1\" data-desktopportraitleft=\"0\" data-desktopportraittop=\"-132\" data-responsivesize=\"1\" data-desktopportraitwidth=\"1160\" data-desktopportraitheight=\"auto\" data-desktopportraitalign=\"center\" data-desktopportraitvalign=\"middle\" data-parentid=\"\" data-desktopportraitparentalign=\"center\" data-desktopportraitparentvalign=\"middle\" data-hidetabletportrait=\"1\" data-hidemobileportrait=\"1\" data-sstype=\"layer\"><div id=\"n2-ss-6item1\" class=\"n2-font-6451dee6937859ed9181ce10a480731c-hover n2-style-8acf449e628e3a06753fad4d9cf43212-heading   n2-ss-item-content n2-ss-text n2-ow\" style=\"display:block;\">HEMATOLOG\u00cdA<\/div><\/div><div class=\"n2-ss-layer n2-ow n-uc-dtNW7ocqF1Bk\" data-pm=\"normal\" data-sstype=\"layer\"><div class=\"n2-ss-item-content n2-ss-text n2-ow-all\"><div data-hide-desktoplandscape=\"1\" data-hide-desktopportrait=\"1\" data-hide-tabletlandscape=\"1\" data-hide-tabletportrait=\"1\"><\/div><div class=\"\" data-hide-desktoplandscape=\"1\" data-hide-desktopportrait=\"1\" data-hide-mobilelandscape=\"1\" data-hide-mobileportrait=\"1\"><\/div><div class=\"\" data-hide-mobilelandscape=\"1\" data-hide-mobileportrait=\"1\" data-hide-tabletlandscape=\"1\" data-hide-tabletportrait=\"1\"><\/div><\/div><\/div><\/div><\/div><\/div><\/div><\/div>                <\/div>\n                            <\/div>\n        <\/div>\n        <\/div><ss3-loader><\/ss3-loader><\/div><\/div><div class=\"n2_clear\"><\/div><\/div><\/ss3-force-full-width><\/div>\n\n<div data-block-name=\"woocommerce\/product-category\" data-categories=\"[26]\" data-stock-status=\"[&quot;&quot;,&quot;instock&quot;,&quot;outofstock&quot;,&quot;onbackorder&quot;]\" data-orderby=\"price_asc\" class=\"wc-block-grid wp-block-product-category wc-block-product-category has-3-columns has-multiple-rows\"><ul class=\"wc-block-grid__products\"><li class=\"wc-block-grid__product\">\n\t\t\t\t<a href=\"https:\/\/dislabequipomedico.com\/index.php\/producto\/analizador-de-hematologia-coulter-act-diff\/\" class=\"wc-block-grid__product-link\">\n\t\t\t\t\t\n\t\t\t\t\t<div class=\"wc-block-grid__product-image\"><img loading=\"lazy\" decoding=\"async\" width=\"300\" height=\"300\" src=\"https:\/\/dislabequipomedico.com\/wp-content\/uploads\/2024\/04\/t-300x300.png\" class=\"attachment-woocommerce_thumbnail size-woocommerce_thumbnail\" alt=\"Analizador de hematolog\u00eda Coulter Ac\u2022T diff\" srcset=\"https:\/\/dislabequipomedico.com\/wp-content\/uploads\/2024\/04\/t-300x300.png 300w, https:\/\/dislabequipomedico.com\/wp-content\/uploads\/2024\/04\/t-150x150.png 150w, https:\/\/dislabequipomedico.com\/wp-content\/uploads\/2024\/04\/t-100x100.png 100w, https:\/\/dislabequipomedico.com\/wp-content\/uploads\/2024\/04\/t.png 591w\" sizes=\"(max-width: 300px) 100vw, 300px\" \/><\/div>\n\t\t\t\t\t<div class=\"wc-block-grid__product-title\">Analizador de hematolog\u00eda Coulter Ac\u2022T diff<\/div>\n\t\t\t\t<\/a>\n\t\t\t\t<div class=\"wc-block-grid__product-price price\"><\/div>\n\t\t\t\t\n\t\t\t\t<div class=\"wp-block-button wc-block-grid__product-add-to-cart\"><a href=\"https:\/\/dislabequipomedico.com\/index.php\/producto\/analizador-de-hematologia-coulter-act-diff\/\" aria-label=\"Lee m\u00e1s sobre &ldquo;Analizador de hematolog\u00eda Coulter Ac\u2022T diff&rdquo;\" data-quantity=\"1\" data-product_id=\"337\" data-product_sku=\"\" data-price=\"0\" rel=\"nofollow\" class=\"wp-block-button__link  add_to_cart_button\">Leer m\u00e1s<\/a><\/div>\n\t\t\t<\/li><li class=\"wc-block-grid__product\">\n\t\t\t\t<a href=\"https:\/\/dislabequipomedico.com\/index.php\/producto\/analizador-de-hematologia-coulter-act-5diff\/\" class=\"wc-block-grid__product-link\">\n\t\t\t\t\t\n\t\t\t\t\t<div class=\"wc-block-grid__product-image\"><img loading=\"lazy\" decoding=\"async\" width=\"300\" height=\"300\" src=\"https:\/\/dislabequipomedico.com\/wp-content\/uploads\/2024\/04\/t-1-300x300.png\" class=\"attachment-woocommerce_thumbnail size-woocommerce_thumbnail\" alt=\"Analizador de hematolog\u00eda Coulter Ac\u2022T 5diff\" srcset=\"https:\/\/dislabequipomedico.com\/wp-content\/uploads\/2024\/04\/t-1-300x300.png 300w, https:\/\/dislabequipomedico.com\/wp-content\/uploads\/2024\/04\/t-1-150x150.png 150w, https:\/\/dislabequipomedico.com\/wp-content\/uploads\/2024\/04\/t-1-100x100.png 100w, https:\/\/dislabequipomedico.com\/wp-content\/uploads\/2024\/04\/t-1.png 591w\" sizes=\"(max-width: 300px) 100vw, 300px\" \/><\/div>\n\t\t\t\t\t<div class=\"wc-block-grid__product-title\">Analizador de hematolog\u00eda Coulter Ac\u2022T 5diff<\/div>\n\t\t\t\t<\/a>\n\t\t\t\t<div class=\"wc-block-grid__product-price price\"><\/div>\n\t\t\t\t\n\t\t\t\t<div class=\"wp-block-button wc-block-grid__product-add-to-cart\"><a href=\"https:\/\/dislabequipomedico.com\/index.php\/producto\/analizador-de-hematologia-coulter-act-5diff\/\" aria-label=\"Lee m\u00e1s sobre &ldquo;Analizador de hematolog\u00eda Coulter Ac\u2022T 5diff&rdquo;\" data-quantity=\"1\" data-product_id=\"341\" data-product_sku=\"\" data-price=\"0\" rel=\"nofollow\" class=\"wp-block-button__link  add_to_cart_button\">Leer m\u00e1s<\/a><\/div>\n\t\t\t<\/li><li class=\"wc-block-grid__product\">\n\t\t\t\t<a href=\"https:\/\/dislabequipomedico.com\/index.php\/producto\/analizador-hematologico-coulter-lh-750\/\" class=\"wc-block-grid__product-link\">\n\t\t\t\t\t\n\t\t\t\t\t<div class=\"wc-block-grid__product-image\"><img loading=\"lazy\" decoding=\"async\" width=\"300\" height=\"300\" src=\"https:\/\/dislabequipomedico.com\/wp-content\/uploads\/2024\/04\/t-2-300x300.png\" class=\"attachment-woocommerce_thumbnail size-woocommerce_thumbnail\" alt=\"Analizador hematol\u00f3gico Coulter LH 750\" srcset=\"https:\/\/dislabequipomedico.com\/wp-content\/uploads\/2024\/04\/t-2-300x300.png 300w, https:\/\/dislabequipomedico.com\/wp-content\/uploads\/2024\/04\/t-2-150x150.png 150w, https:\/\/dislabequipomedico.com\/wp-content\/uploads\/2024\/04\/t-2-100x100.png 100w, https:\/\/dislabequipomedico.com\/wp-content\/uploads\/2024\/04\/t-2.png 591w\" sizes=\"(max-width: 300px) 100vw, 300px\" \/><\/div>\n\t\t\t\t\t<div class=\"wc-block-grid__product-title\">Analizador hematol\u00f3gico Coulter LH 750<\/div>\n\t\t\t\t<\/a>\n\t\t\t\t<div class=\"wc-block-grid__product-price price\"><\/div>\n\t\t\t\t\n\t\t\t\t<div class=\"wp-block-button wc-block-grid__product-add-to-cart\"><a href=\"https:\/\/dislabequipomedico.com\/index.php\/producto\/analizador-hematologico-coulter-lh-750\/\" aria-label=\"Lee m\u00e1s sobre &ldquo;Analizador hematol\u00f3gico Coulter LH 750&rdquo;\" data-quantity=\"1\" data-product_id=\"343\" data-product_sku=\"\" data-price=\"0\" rel=\"nofollow\" class=\"wp-block-button__link  add_to_cart_button\">Leer m\u00e1s<\/a><\/div>\n\t\t\t<\/li><li class=\"wc-block-grid__product\">\n\t\t\t\t<a href=\"https:\/\/dislabequipomedico.com\/index.php\/producto\/analizador-de-hematologia-automatico-abx-micros-60\/\" class=\"wc-block-grid__product-link\">\n\t\t\t\t\t\n\t\t\t\t\t<div class=\"wc-block-grid__product-image\"><img loading=\"lazy\" decoding=\"async\" width=\"300\" height=\"300\" src=\"https:\/\/dislabequipomedico.com\/wp-content\/uploads\/2024\/04\/t-3-300x300.png\" class=\"attachment-woocommerce_thumbnail size-woocommerce_thumbnail\" alt=\"Analizador de hematolog\u00eda autom\u00e1tico ABX Micros 60\" srcset=\"https:\/\/dislabequipomedico.com\/wp-content\/uploads\/2024\/04\/t-3-300x300.png 300w, https:\/\/dislabequipomedico.com\/wp-content\/uploads\/2024\/04\/t-3-150x150.png 150w, https:\/\/dislabequipomedico.com\/wp-content\/uploads\/2024\/04\/t-3-100x100.png 100w, https:\/\/dislabequipomedico.com\/wp-content\/uploads\/2024\/04\/t-3.png 591w\" sizes=\"(max-width: 300px) 100vw, 300px\" \/><\/div>\n\t\t\t\t\t<div class=\"wc-block-grid__product-title\">Analizador de hematolog\u00eda autom\u00e1tico ABX Micros 60<\/div>\n\t\t\t\t<\/a>\n\t\t\t\t<div class=\"wc-block-grid__product-price price\"><\/div>\n\t\t\t\t\n\t\t\t\t<div class=\"wp-block-button wc-block-grid__product-add-to-cart\"><a href=\"https:\/\/dislabequipomedico.com\/index.php\/producto\/analizador-de-hematologia-automatico-abx-micros-60\/\" aria-label=\"Lee m\u00e1s sobre &ldquo;Analizador de hematolog\u00eda autom\u00e1tico ABX Micros 60&rdquo;\" data-quantity=\"1\" data-product_id=\"345\" data-product_sku=\"\" data-price=\"0\" rel=\"nofollow\" class=\"wp-block-button__link  add_to_cart_button\">Leer m\u00e1s<\/a><\/div>\n\t\t\t<\/li><li class=\"wc-block-grid__product\">\n\t\t\t\t<a href=\"https:\/\/dislabequipomedico.com\/index.php\/producto\/analizador-hematologico-de-18-parametros\/\" class=\"wc-block-grid__product-link\">\n\t\t\t\t\t\n\t\t\t\t\t<div class=\"wc-block-grid__product-image\"><img loading=\"lazy\" decoding=\"async\" width=\"300\" height=\"300\" src=\"https:\/\/dislabequipomedico.com\/wp-content\/uploads\/2024\/04\/simens-300x300.png\" class=\"attachment-woocommerce_thumbnail size-woocommerce_thumbnail\" alt=\"Analizador hematol\u00f3gico de 18 par\u00e1metros\" srcset=\"https:\/\/dislabequipomedico.com\/wp-content\/uploads\/2024\/04\/simens-300x300.png 300w, https:\/\/dislabequipomedico.com\/wp-content\/uploads\/2024\/04\/simens-150x150.png 150w, https:\/\/dislabequipomedico.com\/wp-content\/uploads\/2024\/04\/simens-100x100.png 100w, https:\/\/dislabequipomedico.com\/wp-content\/uploads\/2024\/04\/simens.png 591w\" sizes=\"(max-width: 300px) 100vw, 300px\" \/><\/div>\n\t\t\t\t\t<div class=\"wc-block-grid__product-title\">Analizador hematol\u00f3gico de 18 par\u00e1metros<\/div>\n\t\t\t\t<\/a>\n\t\t\t\t<div class=\"wc-block-grid__product-price price\"><\/div>\n\t\t\t\t\n\t\t\t\t<div class=\"wp-block-button wc-block-grid__product-add-to-cart\"><a href=\"https:\/\/dislabequipomedico.com\/index.php\/producto\/analizador-hematologico-de-18-parametros\/\" aria-label=\"Lee m\u00e1s sobre &ldquo;Analizador hematol\u00f3gico de 18 par\u00e1metros&rdquo;\" data-quantity=\"1\" data-product_id=\"348\" data-product_sku=\"\" data-price=\"0\" rel=\"nofollow\" class=\"wp-block-button__link  add_to_cart_button\">Leer m\u00e1s<\/a><\/div>\n\t\t\t<\/li><li class=\"wc-block-grid__product\">\n\t\t\t\t<a href=\"https:\/\/dislabequipomedico.com\/index.php\/producto\/bc-3200-mindray\/\" class=\"wc-block-grid__product-link\">\n\t\t\t\t\t\n\t\t\t\t\t<div class=\"wc-block-grid__product-image\"><img loading=\"lazy\" decoding=\"async\" width=\"300\" height=\"300\" src=\"https:\/\/dislabequipomedico.com\/wp-content\/uploads\/2024\/04\/simens-1-300x300.png\" class=\"attachment-woocommerce_thumbnail size-woocommerce_thumbnail\" alt=\"BC-3200-Mindray\" srcset=\"https:\/\/dislabequipomedico.com\/wp-content\/uploads\/2024\/04\/simens-1-300x300.png 300w, https:\/\/dislabequipomedico.com\/wp-content\/uploads\/2024\/04\/simens-1-150x150.png 150w, https:\/\/dislabequipomedico.com\/wp-content\/uploads\/2024\/04\/simens-1-100x100.png 100w, https:\/\/dislabequipomedico.com\/wp-content\/uploads\/2024\/04\/simens-1.png 591w\" sizes=\"(max-width: 300px) 100vw, 300px\" \/><\/div>\n\t\t\t\t\t<div class=\"wc-block-grid__product-title\">BC-3200-Mindray<\/div>\n\t\t\t\t<\/a>\n\t\t\t\t<div class=\"wc-block-grid__product-price price\"><\/div>\n\t\t\t\t\n\t\t\t\t<div class=\"wp-block-button wc-block-grid__product-add-to-cart\"><a href=\"https:\/\/dislabequipomedico.com\/index.php\/producto\/bc-3200-mindray\/\" aria-label=\"Lee m\u00e1s sobre &ldquo;BC-3200-Mindray&rdquo;\" data-quantity=\"1\" data-product_id=\"350\" data-product_sku=\"\" data-price=\"0\" rel=\"nofollow\" class=\"wp-block-button__link  add_to_cart_button\">Leer m\u00e1s<\/a><\/div>\n\t\t\t<\/li><\/ul><\/div>","protected":false},"excerpt":{"rendered":"","protected":false},"author":1,"featured_media":0,"parent":0,"menu_order":0,"comment_status":"closed","ping_status":"closed","template":"","meta":{"site-sidebar-layout":"default","site-content-layout":"","ast-site-content-layout":"","site-content-style":"default","site-sidebar-style":"default","ast-global-header-display":"","ast-banner-title-visibility":"","ast-main-header-display":"","ast-hfb-above-header-display":"","ast-hfb-below-header-display":"","ast-hfb-mobile-header-display":"","site-post-title":"disabled","ast-breadcrumbs-content":"","ast-featured-img":"","footer-sml-layout":"","theme-transparent-header-meta":"","adv-header-id-meta":"","stick-header-meta":"","header-above-stick-meta":"","header-main-stick-meta":"","header-below-stick-meta":"","astra-migrate-meta-layouts":"default","ast-page-background-enabled":"default","ast-page-background-meta":{"desktop":{"background-color":"var(--ast-global-color-4)","background-image":"","background-repeat":"repeat","background-position":"center center","background-size":"auto","background-attachment":"scroll","background-type":"","background-media":"","overlay-type":"","overlay-color":"","overlay-gradient":""},"tablet":{"background-color":"","background-image":"","background-repeat":"repeat","background-position":"center center","background-size":"auto","background-attachment":"scroll","background-type":"","background-media":"","overlay-type":"","overlay-color":"","overlay-gradient":""},"mobile":{"background-color":"","background-image":"","background-repeat":"repeat","background-position":"center center","background-size":"auto","background-attachment":"scroll","background-type":"","background-media":"","overlay-type":"","overlay-color":"","overlay-gradient":""}},"ast-content-background-meta":{"desktop":{"background-color":"var(--ast-global-color-5)","background-image":"","background-repeat":"repeat","background-position":"center center","background-size":"auto","background-attachment":"scroll","background-type":"","background-media":"","overlay-type":"","overlay-color":"","overlay-gradient":""},"tablet":{"background-color":"var(--ast-global-color-5)","background-image":"","background-repeat":"repeat","background-position":"center center","background-size":"auto","background-attachment":"scroll","background-type":"","background-media":"","overlay-type":"","overlay-color":"","overlay-gradient":""},"mobile":{"background-color":"var(--ast-global-color-5)","background-image":"","background-repeat":"repeat","background-position":"center center","background-size":"auto","background-attachment":"scroll","background-type":"","background-media":"","overlay-type":"","overlay-color":"","overlay-gradient":""}},"footnotes":""},"_links":{"self":[{"href":"https:\/\/dislabequipomedico.com\/index.php\/wp-json\/wp\/v2\/pages\/254"}],"collection":[{"href":"https:\/\/dislabequipomedico.com\/index.php\/wp-json\/wp\/v2\/pages"}],"about":[{"href":"https:\/\/dislabequipomedico.com\/index.php\/wp-json\/wp\/v2\/types\/page"}],"author":[{"embeddable":true,"href":"https:\/\/dislabequipomedico.com\/index.php\/wp-json\/wp\/v2\/users\/1"}],"replies":[{"embeddable":true,"href":"https:\/\/dislabequipomedico.com\/index.php\/wp-json\/wp\/v2\/comments?post=254"}],"version-history":[{"count":6,"href":"https:\/\/dislabequipomedico.com\/index.php\/wp-json\/wp\/v2\/pages\/254\/revisions"}],"predecessor-version":[{"id":674,"href":"https:\/\/dislabequipomedico.com\/index.php\/wp-json\/wp\/v2\/pages\/254\/revisions\/674"}],"wp:attachment":[{"href":"https:\/\/dislabequipomedico.com\/index.php\/wp-json\/wp\/v2\/media?parent=254"}],"curies":[{"name":"wp","href":"https:\/\/api.w.org\/{rel}","templated":true}]}}