{"id":427,"date":"2024-05-07T23:12:10","date_gmt":"2024-05-07T21:12:10","guid":{"rendered":"https:\/\/dislabequipomedico.com\/?page_id=427"},"modified":"2024-05-20T17:18:27","modified_gmt":"2024-05-20T23:18:27","slug":"quienes-somos","status":"publish","type":"page","link":"https:\/\/dislabequipomedico.com\/index.php\/quienes-somos\/","title":{"rendered":"Quienes somos"},"content":{"rendered":"\n<div class=\"wp-block-media-text is-stacked-on-mobile\"><figure class=\"wp-block-media-text__media\"><img loading=\"lazy\" decoding=\"async\" width=\"1024\" height=\"512\" src=\"https:\/\/dislabequipomedico.com\/wp-content\/uploads\/2024\/05\/Diseno-sin-titulo-6-1024x512.png\" alt=\"\" class=\"wp-image-430 size-full\" srcset=\"https:\/\/dislabequipomedico.com\/wp-content\/uploads\/2024\/05\/Diseno-sin-titulo-6-1024x512.png 1024w, https:\/\/dislabequipomedico.com\/wp-content\/uploads\/2024\/05\/Diseno-sin-titulo-6-300x150.png 300w, https:\/\/dislabequipomedico.com\/wp-content\/uploads\/2024\/05\/Diseno-sin-titulo-6-768x384.png 768w, https:\/\/dislabequipomedico.com\/wp-content\/uploads\/2024\/05\/Diseno-sin-titulo-6-1536x768.png 1536w, https:\/\/dislabequipomedico.com\/wp-content\/uploads\/2024\/05\/Diseno-sin-titulo-6-2048x1024.png 2048w, https:\/\/dislabequipomedico.com\/wp-content\/uploads\/2024\/05\/Diseno-sin-titulo-6-600x300.png 600w\" sizes=\"(max-width: 1024px) 100vw, 1024px\" \/><\/figure><div class=\"wp-block-media-text__content\">\n<p class=\"has-ast-global-color-7-color has-text-color has-link-color has-medium-font-size wp-elements-a1f3fc2bff162d893f9c955466630045\"><strong>Fundada en 1986, en la Colonia Roma, Ciudad de M\u00e9xico, con la firme intenci\u00f3n de posicionarse como un proveedor de equipo Hospitalario y de Laboratorio de an\u00e1lisis cl\u00ednicos reacondicionado para los laboratorios particulares de peque\u00f1o y mediano rendimiento.<\/strong><\/p>\n<\/div><\/div>\n\n\n\n<p><\/p>\n\n\n\n<div class=\"wp-block-columns alignwide are-vertically-aligned-top is-layout-flex wp-container-core-columns-is-layout-1 wp-block-columns-is-layout-flex\">\n<div class=\"wp-block-column is-vertically-aligned-top is-layout-flow wp-block-column-is-layout-flow\">\n<figure class=\"wp-block-image alignwide size-medium has-custom-border wp-duotone-unset-1\"><img loading=\"lazy\" decoding=\"async\" width=\"300\" height=\"300\" src=\"https:\/\/dislabequipomedico.com\/wp-content\/uploads\/2024\/05\/mision-2-300x300.png\" alt=\"\" class=\"has-border-color has-cyan-bluish-gray-border-color wp-image-431\" style=\"border-width:14px;border-radius:100px\" srcset=\"https:\/\/dislabequipomedico.com\/wp-content\/uploads\/2024\/05\/mision-2-300x300.png 300w, https:\/\/dislabequipomedico.com\/wp-content\/uploads\/2024\/05\/mision-2-150x150.png 150w, https:\/\/dislabequipomedico.com\/wp-content\/uploads\/2024\/05\/mision-2-100x100.png 100w, https:\/\/dislabequipomedico.com\/wp-content\/uploads\/2024\/05\/mision-2.png 591w\" sizes=\"(max-width: 300px) 100vw, 300px\" \/><\/figure>\n<\/div>\n\n\n\n<div class=\"wp-block-column is-vertically-aligned-top is-layout-flow wp-block-column-is-layout-flow\"><\/div>\n\n\n\n<div class=\"wp-block-column is-vertically-aligned-top is-layout-flow wp-block-column-is-layout-flow\">\n<figure class=\"wp-block-image alignwide size-full has-custom-border wp-duotone-unset-2\"><img loading=\"lazy\" decoding=\"async\" width=\"591\" height=\"591\" src=\"https:\/\/dislabequipomedico.com\/wp-content\/uploads\/2024\/05\/vision.png\" alt=\"\" class=\"has-border-color has-cyan-bluish-gray-border-color wp-image-432\" style=\"border-width:14px;border-radius:100px\" srcset=\"https:\/\/dislabequipomedico.com\/wp-content\/uploads\/2024\/05\/vision.png 591w, https:\/\/dislabequipomedico.com\/wp-content\/uploads\/2024\/05\/vision-300x300.png 300w, https:\/\/dislabequipomedico.com\/wp-content\/uploads\/2024\/05\/vision-150x150.png 150w, https:\/\/dislabequipomedico.com\/wp-content\/uploads\/2024\/05\/vision-100x100.png 100w\" sizes=\"(max-width: 591px) 100vw, 591px\" \/><\/figure>\n<\/div>\n<\/div>\n\n\n\n<p class=\"has-text-align-center has-white-color has-text-color has-background has-link-color has-medium-font-size wp-elements-32510ddb7c5c99d5af8f1c7687d92822\" style=\"background-color:#133a76;margin-top:0;margin-right:0;margin-bottom:0;margin-left:0\"><strong>NUESTROS VALORES<\/strong><\/p>\n\n\n\n<div class=\"wp-block-columns is-layout-flex wp-container-core-columns-is-layout-2 wp-block-columns-is-layout-flex\">\n<div class=\"wp-block-column is-layout-flow wp-block-column-is-layout-flow\">\n<figure class=\"wp-block-image size-full\"><img loading=\"lazy\" decoding=\"async\" width=\"500\" height=\"500\" src=\"https:\/\/dislabequipomedico.com\/wp-content\/uploads\/2024\/05\/Honestidad.png\" alt=\"\" class=\"wp-image-442\" srcset=\"https:\/\/dislabequipomedico.com\/wp-content\/uploads\/2024\/05\/Honestidad.png 500w, https:\/\/dislabequipomedico.com\/wp-content\/uploads\/2024\/05\/Honestidad-300x300.png 300w, https:\/\/dislabequipomedico.com\/wp-content\/uploads\/2024\/05\/Honestidad-150x150.png 150w, https:\/\/dislabequipomedico.com\/wp-content\/uploads\/2024\/05\/Honestidad-100x100.png 100w\" sizes=\"(max-width: 500px) 100vw, 500px\" \/><\/figure>\n<\/div>\n\n\n\n<div class=\"wp-block-column is-layout-flow wp-block-column-is-layout-flow\">\n<figure class=\"wp-block-image size-full\"><img loading=\"lazy\" decoding=\"async\" width=\"500\" height=\"500\" src=\"https:\/\/dislabequipomedico.com\/wp-content\/uploads\/2024\/05\/Honestidad-1.png\" alt=\"\" class=\"wp-image-443\" srcset=\"https:\/\/dislabequipomedico.com\/wp-content\/uploads\/2024\/05\/Honestidad-1.png 500w, https:\/\/dislabequipomedico.com\/wp-content\/uploads\/2024\/05\/Honestidad-1-300x300.png 300w, https:\/\/dislabequipomedico.com\/wp-content\/uploads\/2024\/05\/Honestidad-1-150x150.png 150w, https:\/\/dislabequipomedico.com\/wp-content\/uploads\/2024\/05\/Honestidad-1-100x100.png 100w\" sizes=\"(max-width: 500px) 100vw, 500px\" \/><\/figure>\n<\/div>\n\n\n\n<div class=\"wp-block-column is-layout-flow wp-block-column-is-layout-flow\">\n<figure class=\"wp-block-image size-full\"><img loading=\"lazy\" decoding=\"async\" width=\"500\" height=\"500\" src=\"https:\/\/dislabequipomedico.com\/wp-content\/uploads\/2024\/05\/servicio.png\" alt=\"\" class=\"wp-image-444\" srcset=\"https:\/\/dislabequipomedico.com\/wp-content\/uploads\/2024\/05\/servicio.png 500w, https:\/\/dislabequipomedico.com\/wp-content\/uploads\/2024\/05\/servicio-300x300.png 300w, https:\/\/dislabequipomedico.com\/wp-content\/uploads\/2024\/05\/servicio-150x150.png 150w, https:\/\/dislabequipomedico.com\/wp-content\/uploads\/2024\/05\/servicio-100x100.png 100w\" sizes=\"(max-width: 500px) 100vw, 500px\" \/><\/figure>\n<\/div>\n\n\n\n<div class=\"wp-block-column is-layout-flow wp-block-column-is-layout-flow\">\n<figure class=\"wp-block-image size-full\"><img loading=\"lazy\" decoding=\"async\" width=\"500\" height=\"500\" src=\"https:\/\/dislabequipomedico.com\/wp-content\/uploads\/2024\/05\/servicio-1.png\" alt=\"\" class=\"wp-image-445\" srcset=\"https:\/\/dislabequipomedico.com\/wp-content\/uploads\/2024\/05\/servicio-1.png 500w, https:\/\/dislabequipomedico.com\/wp-content\/uploads\/2024\/05\/servicio-1-300x300.png 300w, https:\/\/dislabequipomedico.com\/wp-content\/uploads\/2024\/05\/servicio-1-150x150.png 150w, https:\/\/dislabequipomedico.com\/wp-content\/uploads\/2024\/05\/servicio-1-100x100.png 100w\" sizes=\"(max-width: 500px) 100vw, 500px\" \/><\/figure>\n<\/div>\n<\/div>\n","protected":false},"excerpt":{"rendered":"<p>Fundada en 1986, en la Colonia Roma, Ciudad de M\u00e9xico, con la firme intenci\u00f3n de posicionarse como un proveedor de [&hellip;]<\/p>\n","protected":false},"author":1,"featured_media":0,"parent":0,"menu_order":0,"comment_status":"closed","ping_status":"closed","template":"","meta":{"site-sidebar-layout":"default","site-content-layout":"","ast-site-content-layout":"","site-content-style":"default","site-sidebar-style":"default","ast-global-header-display":"","ast-banner-title-visibility":"","ast-main-header-display":"","ast-hfb-above-header-display":"","ast-hfb-below-header-display":"","ast-hfb-mobile-header-display":"","site-post-title":"disabled","ast-breadcrumbs-content":"","ast-featured-img":"","footer-sml-layout":"","theme-transparent-header-meta":"","adv-header-id-meta":"","stick-header-meta":"","header-above-stick-meta":"","header-main-stick-meta":"","header-below-stick-meta":"","astra-migrate-meta-layouts":"default","ast-page-background-enabled":"default","ast-page-background-meta":{"desktop":{"background-color":"var(--ast-global-color-4)","background-image":"","background-repeat":"repeat","background-position":"center center","background-size":"auto","background-attachment":"scroll","background-type":"","background-media":"","overlay-type":"","overlay-color":"","overlay-gradient":""},"tablet":{"background-color":"","background-image":"","background-repeat":"repeat","background-position":"center center","background-size":"auto","background-attachment":"scroll","background-type":"","background-media":"","overlay-type":"","overlay-color":"","overlay-gradient":""},"mobile":{"background-color":"","background-image":"","background-repeat":"repeat","background-position":"center center","background-size":"auto","background-attachment":"scroll","background-type":"","background-media":"","overlay-type":"","overlay-color":"","overlay-gradient":""}},"ast-content-background-meta":{"desktop":{"background-color":"var(--ast-global-color-5)","background-image":"","background-repeat":"repeat","background-position":"center center","background-size":"auto","background-attachment":"scroll","background-type":"","background-media":"","overlay-type":"","overlay-color":"","overlay-gradient":""},"tablet":{"background-color":"var(--ast-global-color-5)","background-image":"","background-repeat":"repeat","background-position":"center center","background-size":"auto","background-attachment":"scroll","background-type":"","background-media":"","overlay-type":"","overlay-color":"","overlay-gradient":""},"mobile":{"background-color":"var(--ast-global-color-5)","background-image":"","background-repeat":"repeat","background-position":"center center","background-size":"auto","background-attachment":"scroll","background-type":"","background-media":"","overlay-type":"","overlay-color":"","overlay-gradient":""}},"footnotes":""},"_links":{"self":[{"href":"https:\/\/dislabequipomedico.com\/index.php\/wp-json\/wp\/v2\/pages\/427"}],"collection":[{"href":"https:\/\/dislabequipomedico.com\/index.php\/wp-json\/wp\/v2\/pages"}],"about":[{"href":"https:\/\/dislabequipomedico.com\/index.php\/wp-json\/wp\/v2\/types\/page"}],"author":[{"embeddable":true,"href":"https:\/\/dislabequipomedico.com\/index.php\/wp-json\/wp\/v2\/users\/1"}],"replies":[{"embeddable":true,"href":"https:\/\/dislabequipomedico.com\/index.php\/wp-json\/wp\/v2\/comments?post=427"}],"version-history":[{"count":25,"href":"https:\/\/dislabequipomedico.com\/index.php\/wp-json\/wp\/v2\/pages\/427\/revisions"}],"predecessor-version":[{"id":664,"href":"https:\/\/dislabequipomedico.com\/index.php\/wp-json\/wp\/v2\/pages\/427\/revisions\/664"}],"wp:attachment":[{"href":"https:\/\/dislabequipomedico.com\/index.php\/wp-json\/wp\/v2\/media?parent=427"}],"curies":[{"name":"wp","href":"https:\/\/api.w.org\/{rel}","templated":true}]}}