{"id":464,"date":"2024-05-08T17:41:44","date_gmt":"2024-05-08T23:41:44","guid":{"rendered":"https:\/\/dislabequipomedico.com\/?page_id=464"},"modified":"2024-06-18T16:06:45","modified_gmt":"2024-06-18T22:06:45","slug":"servicios-2","status":"publish","type":"page","link":"https:\/\/dislabequipomedico.com\/index.php\/servicios-2\/","title":{"rendered":"Servicios"},"content":{"rendered":"\n<h2 class=\"wp-block-heading alignfull has-text-align-center has-white-color has-text-color has-background has-link-color wp-elements-9f1e7b9e643d6221008c8b0c178250be\" style=\"background-color:#133a76\">Servicios especializados<\/h2>\n\n\n\n<figure class=\"wp-block-image aligncenter size-large is-resized\"><img loading=\"lazy\" decoding=\"async\" width=\"1024\" height=\"577\" src=\"https:\/\/dislabequipomedico.com\/wp-content\/uploads\/2024\/05\/Portada-de-Facebook-Moderna-Departamentos-Gris-1024x577.png\" alt=\"\" class=\"wp-image-465\" style=\"width:477px;height:auto\" srcset=\"https:\/\/dislabequipomedico.com\/wp-content\/uploads\/2024\/05\/Portada-de-Facebook-Moderna-Departamentos-Gris-1024x577.png 1024w, https:\/\/dislabequipomedico.com\/wp-content\/uploads\/2024\/05\/Portada-de-Facebook-Moderna-Departamentos-Gris-300x169.png 300w, https:\/\/dislabequipomedico.com\/wp-content\/uploads\/2024\/05\/Portada-de-Facebook-Moderna-Departamentos-Gris-768x433.png 768w, https:\/\/dislabequipomedico.com\/wp-content\/uploads\/2024\/05\/Portada-de-Facebook-Moderna-Departamentos-Gris-1536x865.png 1536w, https:\/\/dislabequipomedico.com\/wp-content\/uploads\/2024\/05\/Portada-de-Facebook-Moderna-Departamentos-Gris-600x338.png 600w, https:\/\/dislabequipomedico.com\/wp-content\/uploads\/2024\/05\/Portada-de-Facebook-Moderna-Departamentos-Gris.png 1640w\" sizes=\"(max-width: 1024px) 100vw, 1024px\" \/><figcaption class=\"wp-element-caption\"><strong><mark style=\"background-color:rgba(0, 0, 0, 0)\" class=\"has-inline-color has-ast-global-color-7-color\">Nuestro staff cuenta con mas de 30 a\u00f1os de experiencia en el medio. Con capacitaci\u00f3n  y actualizaci\u00f3n continua. <\/mark><\/strong><\/figcaption><\/figure>\n\n\n\n<p><\/p>\n\n\n\n<div class=\"wp-block-columns is-layout-flex wp-container-core-columns-is-layout-1 wp-block-columns-is-layout-flex\">\n<div class=\"wp-block-column is-layout-flow wp-block-column-is-layout-flow\"><\/div>\n\n\n\n<div class=\"wp-block-column is-layout-flow wp-block-column-is-layout-flow\"><\/div>\n<\/div>\n","protected":false},"excerpt":{"rendered":"<p>Servicios especializados<\/p>\n","protected":false},"author":1,"featured_media":0,"parent":0,"menu_order":0,"comment_status":"closed","ping_status":"closed","template":"","meta":{"site-sidebar-layout":"default","site-content-layout":"","ast-site-content-layout":"","site-content-style":"default","site-sidebar-style":"default","ast-global-header-display":"","ast-banner-title-visibility":"","ast-main-header-display":"","ast-hfb-above-header-display":"","ast-hfb-below-header-display":"","ast-hfb-mobile-header-display":"","site-post-title":"disabled","ast-breadcrumbs-content":"","ast-featured-img":"","footer-sml-layout":"","theme-transparent-header-meta":"","adv-header-id-meta":"","stick-header-meta":"","header-above-stick-meta":"","header-main-stick-meta":"","header-below-stick-meta":"","astra-migrate-meta-layouts":"default","ast-page-background-enabled":"default","ast-page-background-meta":{"desktop":{"background-color":"var(--ast-global-color-4)","background-image":"","background-repeat":"repeat","background-position":"center center","background-size":"auto","background-attachment":"scroll","background-type":"","background-media":"","overlay-type":"","overlay-color":"","overlay-gradient":""},"tablet":{"background-color":"","background-image":"","background-repeat":"repeat","background-position":"center center","background-size":"auto","background-attachment":"scroll","background-type":"","background-media":"","overlay-type":"","overlay-color":"","overlay-gradient":""},"mobile":{"background-color":"","background-image":"","background-repeat":"repeat","background-position":"center center","background-size":"auto","background-attachment":"scroll","background-type":"","background-media":"","overlay-type":"","overlay-color":"","overlay-gradient":""}},"ast-content-background-meta":{"desktop":{"background-color":"var(--ast-global-color-5)","background-image":"","background-repeat":"repeat","background-position":"center center","background-size":"auto","background-attachment":"scroll","background-type":"","background-media":"","overlay-type":"","overlay-color":"","overlay-gradient":""},"tablet":{"background-color":"var(--ast-global-color-5)","background-image":"","background-repeat":"repeat","background-position":"center center","background-size":"auto","background-attachment":"scroll","background-type":"","background-media":"","overlay-type":"","overlay-color":"","overlay-gradient":""},"mobile":{"background-color":"var(--ast-global-color-5)","background-image":"","background-repeat":"repeat","background-position":"center center","background-size":"auto","background-attachment":"scroll","background-type":"","background-media":"","overlay-type":"","overlay-color":"","overlay-gradient":""}},"footnotes":""},"_links":{"self":[{"href":"https:\/\/dislabequipomedico.com\/index.php\/wp-json\/wp\/v2\/pages\/464"}],"collection":[{"href":"https:\/\/dislabequipomedico.com\/index.php\/wp-json\/wp\/v2\/pages"}],"about":[{"href":"https:\/\/dislabequipomedico.com\/index.php\/wp-json\/wp\/v2\/types\/page"}],"author":[{"embeddable":true,"href":"https:\/\/dislabequipomedico.com\/index.php\/wp-json\/wp\/v2\/users\/1"}],"replies":[{"embeddable":true,"href":"https:\/\/dislabequipomedico.com\/index.php\/wp-json\/wp\/v2\/comments?post=464"}],"version-history":[{"count":10,"href":"https:\/\/dislabequipomedico.com\/index.php\/wp-json\/wp\/v2\/pages\/464\/revisions"}],"predecessor-version":[{"id":775,"href":"https:\/\/dislabequipomedico.com\/index.php\/wp-json\/wp\/v2\/pages\/464\/revisions\/775"}],"wp:attachment":[{"href":"https:\/\/dislabequipomedico.com\/index.php\/wp-json\/wp\/v2\/media?parent=464"}],"curies":[{"name":"wp","href":"https:\/\/api.w.org\/{rel}","templated":true}]}}