{"id":341,"date":"2024-04-05T01:36:59","date_gmt":"2024-04-04T23:36:59","guid":{"rendered":"https:\/\/dislabequipomedico.com\/?post_type=product&#038;p=341"},"modified":"2024-05-09T19:32:52","modified_gmt":"2024-05-10T01:32:52","slug":"analizador-de-hematologia-coulter-act-5diff","status":"publish","type":"product","link":"https:\/\/dislabequipomedico.com\/index.php\/producto\/analizador-de-hematologia-coulter-act-5diff\/","title":{"rendered":"Analizador de hematolog\u00eda Coulter Ac\u2022T 5diff"},"content":{"rendered":"<p><strong>Gesti\u00f3n de datos simplificada<\/strong><\/p>\n<ul>\n<li>F\u00e1cil control de calidad del control de calidad y gesti\u00f3n de archivos<\/li>\n<li>Los datos descargables del Programa de garant\u00eda de calidad entre laboratorios y el ensayo de control cargable reducen la manipulaci\u00f3n manual de datos y ahorran tiempo<\/li>\n<li>Los indicadores cualitativos aceleran la revisi\u00f3n de los resultados de los pacientes y reducen el tiempo de respuesta<\/li>\n<\/ul>\n<p><strong>F\u00e1cil de operar<\/strong><\/p>\n<ul>\n<li>El cargador autom\u00e1tico integrado admite la carga de 100 muestras para una mayor capacidad de prueba<\/li>\n<li>Dos soportes de tubos de muestra adicionales acomodan tubos de diferentes tama\u00f1os, como tubos pedi\u00e1tricos, para una mayor flexibilidad del sistema durante el muestreo en modo manual.<\/li>\n<li>El lector de c\u00f3digos de barras interno proporciona una identificaci\u00f3n positiva de la muestra.<\/li>\n<li>La funci\u00f3n de interrupci\u00f3n STAT permite a los operadores omitir el cargador autom\u00e1tico y cargar una muestra de emergencia para pruebas prioritarias.<\/li>\n<li>La completa base de datos de soporte integrada utiliza b\u00fasquedas de palabras clave para ayudar a resolver problemas de forma r\u00e1pida y sencilla.<\/li>\n<li>Las pruebas de acceso aleatorio proporcionan una flexibilidad total del flujo de trabajo<\/li>\n<li>Los reactivos, controles y calibradores especialmente formulados garantizan la precisi\u00f3n<\/li>\n<\/ul>\n","protected":false},"excerpt":{"rendered":"<p>Gesti\u00f3n de datos simplificada F\u00e1cil control de calidad del control de calidad y gesti\u00f3n de archivos Los datos descargables del [&hellip;]<\/p>\n","protected":false},"featured_media":342,"comment_status":"open","ping_status":"closed","template":"","meta":{"site-sidebar-layout":"default","site-content-layout":"","ast-site-content-layout":"default","site-content-style":"default","site-sidebar-style":"default","ast-global-header-display":"","ast-banner-title-visibility":"","ast-main-header-display":"","ast-hfb-above-header-display":"","ast-hfb-below-header-display":"","ast-hfb-mobile-header-display":"","site-post-title":"","ast-breadcrumbs-content":"","ast-featured-img":"","footer-sml-layout":"","theme-transparent-header-meta":"disabled","adv-header-id-meta":"","stick-header-meta":"","header-above-stick-meta":"","header-main-stick-meta":"","header-below-stick-meta":"","astra-migrate-meta-layouts":"set","ast-page-background-enabled":"default","ast-page-background-meta":{"desktop":{"background-color":"var(--ast-global-color-4)","background-image":"","background-repeat":"repeat","background-position":"center center","background-size":"auto","background-attachment":"scroll","background-type":"","background-media":"","overlay-type":"","overlay-color":"","overlay-gradient":""},"tablet":{"background-color":"","background-image":"","background-repeat":"repeat","background-position":"center center","background-size":"auto","background-attachment":"scroll","background-type":"","background-media":"","overlay-type":"","overlay-color":"","overlay-gradient":""},"mobile":{"background-color":"","background-image":"","background-repeat":"repeat","background-position":"center center","background-size":"auto","background-attachment":"scroll","background-type":"","background-media":"","overlay-type":"","overlay-color":"","overlay-gradient":""}},"ast-content-background-meta":{"desktop":{"background-color":"var(--ast-global-color-5)","background-image":"","background-repeat":"repeat","background-position":"center center","background-size":"auto","background-attachment":"scroll","background-type":"","background-media":"","overlay-type":"","overlay-color":"","overlay-gradient":""},"tablet":{"background-color":"var(--ast-global-color-5)","background-image":"","background-repeat":"repeat","background-position":"center center","background-size":"auto","background-attachment":"scroll","background-type":"","background-media":"","overlay-type":"","overlay-color":"","overlay-gradient":""},"mobile":{"background-color":"var(--ast-global-color-5)","background-image":"","background-repeat":"repeat","background-position":"center center","background-size":"auto","background-attachment":"scroll","background-type":"","background-media":"","overlay-type":"","overlay-color":"","overlay-gradient":""}}},"product_cat":[36,26,31],"product_tag":[],"_links":{"self":[{"href":"https:\/\/dislabequipomedico.com\/index.php\/wp-json\/wp\/v2\/product\/341"}],"collection":[{"href":"https:\/\/dislabequipomedico.com\/index.php\/wp-json\/wp\/v2\/product"}],"about":[{"href":"https:\/\/dislabequipomedico.com\/index.php\/wp-json\/wp\/v2\/types\/product"}],"replies":[{"embeddable":true,"href":"https:\/\/dislabequipomedico.com\/index.php\/wp-json\/wp\/v2\/comments?post=341"}],"wp:featuredmedia":[{"embeddable":true,"href":"https:\/\/dislabequipomedico.com\/index.php\/wp-json\/wp\/v2\/media\/342"}],"wp:attachment":[{"href":"https:\/\/dislabequipomedico.com\/index.php\/wp-json\/wp\/v2\/media?parent=341"}],"wp:term":[{"taxonomy":"product_cat","embeddable":true,"href":"https:\/\/dislabequipomedico.com\/index.php\/wp-json\/wp\/v2\/product_cat?post=341"},{"taxonomy":"product_tag","embeddable":true,"href":"https:\/\/dislabequipomedico.com\/index.php\/wp-json\/wp\/v2\/product_tag?post=341"}],"curies":[{"name":"wp","href":"https:\/\/api.w.org\/{rel}","templated":true}]}}