{"id":343,"date":"2024-04-05T01:40:29","date_gmt":"2024-04-04T23:40:29","guid":{"rendered":"https:\/\/dislabequipomedico.com\/?post_type=product&#038;p=343"},"modified":"2024-05-09T19:32:04","modified_gmt":"2024-05-10T01:32:04","slug":"analizador-hematologico-coulter-lh-750","status":"publish","type":"product","link":"https:\/\/dislabequipomedico.com\/index.php\/producto\/analizador-hematologico-coulter-lh-750\/","title":{"rendered":"Analizador hematol\u00f3gico Coulter LH 750"},"content":{"rendered":"<p><strong>Aumente la confianza en las pruebas con la tecnolog\u00eda AccuCount\u00a0<\/strong><\/p>\n<p>La tecnolog\u00eda AccuCount es nuestra t\u00e9cnica que combina el poder del principio Coulter con nuestros algoritmos m\u00e1s avanzados para ofrecer la mejor precisi\u00f3n, linealidad y exactitud generales de la industria. Con menos indicadores de falsos positivos, la tecnolog\u00eda AccuCount agiliza dr\u00e1sticamente su proceso de prueba. Elimina la intervenci\u00f3n innecesaria del operador, como la correcci\u00f3n manual de leucocitos para realizar frotis de sangre, preparaciones de diluci\u00f3n de muestras y repetici\u00f3n de pruebas.<\/p>\n<p><strong>Mejore la precisi\u00f3n de la enumeraci\u00f3n de c\u00e9lulas con la tecnolog\u00eda AccuCount<\/strong><\/p>\n<ul>\n<li>Mejore la productividad con la linealidad de leucocitos que se extiende de cero a 400 000 y la linealidad de plaquetas que se extiende de cero a\u00a03 000 000<\/li>\n<li>Aumente la confianza del m\u00e9dico en los umbrales de decisi\u00f3n cl\u00ednica sin protocolos de prueba costosos adicionales<\/li>\n<li>Mejore la productividad con una reducci\u00f3n de los resultados falsos positivos y las pruebas confirmatorias.<\/li>\n<\/ul>\n<p><strong>Simplifique y automatice la enumeraci\u00f3n de NRBC<\/strong><\/p>\n<ul>\n<li>Elimine el uso de reactivos adicionales ya que los NRBC se enumeran autom\u00e1ticamente con cada CBC\/diff.<\/li>\n<li>Identificar y enumerar NRBC sin intervenci\u00f3n manual<\/li>\n<li>Mejore la productividad al reducir la necesidad de intervenci\u00f3n de un tecn\u00f3logo y repeticiones de muestras.<\/li>\n<li>Obtenga recuentos de leucocitos precisos y exactos con correcci\u00f3n autom\u00e1tica de interferencias<\/li>\n<\/ul>\n<p><strong>Optimice la gesti\u00f3n de datos con un soporte de toma de decisiones mejorado<\/strong><\/p>\n<ul>\n<li>Estandarice los procesos de laboratorio en todos los turnos con reglas de decisi\u00f3n definidas por el usuario<\/li>\n<li>Personalice el sistema para satisfacer las necesidades de su laboratorio y poblaciones de pacientes espec\u00edficas con se\u00f1alizaci\u00f3n diferencial flexible<\/li>\n<\/ul>\n<p><strong>Reciba un servicio y soporte incomparables<\/strong><\/p>\n<ul>\n<li>Aumente el tiempo de actividad y la productividad con diagn\u00f3sticos integrados y asistencia para la resoluci\u00f3n de problemas, o con\u00a0\u00a0\u00a0soporte de diagn\u00f3stico remoto\u00a0<a href=\"https:\/\/www.beckmancoulter.com\/es\/products\/clinical-information-management-tools\/proservice-remote-management\" data-uw-rm-brl=\"PR\" data-uw-original-href=\"https:\/\/www.beckmancoulter.com\/es\/products\/clinical-information-management-tools\/proservice-remote-management\">PRO\u00a0<em>Service<\/em><\/a><\/li>\n<li>Reciba atenci\u00f3n al cliente de alta calidad a trav\u00e9s de nuestros servicios telef\u00f3nicos, en l\u00ednea y en el sitio.<\/li>\n<\/ul>\n","protected":false},"excerpt":{"rendered":"<p>Aumente la confianza en las pruebas con la tecnolog\u00eda AccuCount\u00a0 La tecnolog\u00eda AccuCount es nuestra t\u00e9cnica que combina el poder [&hellip;]<\/p>\n","protected":false},"featured_media":344,"comment_status":"open","ping_status":"closed","template":"","meta":{"site-sidebar-layout":"default","site-content-layout":"","ast-site-content-layout":"default","site-content-style":"default","site-sidebar-style":"default","ast-global-header-display":"","ast-banner-title-visibility":"","ast-main-header-display":"","ast-hfb-above-header-display":"","ast-hfb-below-header-display":"","ast-hfb-mobile-header-display":"","site-post-title":"","ast-breadcrumbs-content":"","ast-featured-img":"","footer-sml-layout":"","theme-transparent-header-meta":"disabled","adv-header-id-meta":"","stick-header-meta":"","header-above-stick-meta":"","header-main-stick-meta":"","header-below-stick-meta":"","astra-migrate-meta-layouts":"set","ast-page-background-enabled":"default","ast-page-background-meta":{"desktop":{"background-color":"var(--ast-global-color-4)","background-image":"","background-repeat":"repeat","background-position":"center center","background-size":"auto","background-attachment":"scroll","background-type":"","background-media":"","overlay-type":"","overlay-color":"","overlay-gradient":""},"tablet":{"background-color":"","background-image":"","background-repeat":"repeat","background-position":"center center","background-size":"auto","background-attachment":"scroll","background-type":"","background-media":"","overlay-type":"","overlay-color":"","overlay-gradient":""},"mobile":{"background-color":"","background-image":"","background-repeat":"repeat","background-position":"center center","background-size":"auto","background-attachment":"scroll","background-type":"","background-media":"","overlay-type":"","overlay-color":"","overlay-gradient":""}},"ast-content-background-meta":{"desktop":{"background-color":"var(--ast-global-color-5)","background-image":"","background-repeat":"repeat","background-position":"center center","background-size":"auto","background-attachment":"scroll","background-type":"","background-media":"","overlay-type":"","overlay-color":"","overlay-gradient":""},"tablet":{"background-color":"var(--ast-global-color-5)","background-image":"","background-repeat":"repeat","background-position":"center center","background-size":"auto","background-attachment":"scroll","background-type":"","background-media":"","overlay-type":"","overlay-color":"","overlay-gradient":""},"mobile":{"background-color":"var(--ast-global-color-5)","background-image":"","background-repeat":"repeat","background-position":"center center","background-size":"auto","background-attachment":"scroll","background-type":"","background-media":"","overlay-type":"","overlay-color":"","overlay-gradient":""}}},"product_cat":[36,26],"product_tag":[],"_links":{"self":[{"href":"https:\/\/dislabequipomedico.com\/index.php\/wp-json\/wp\/v2\/product\/343"}],"collection":[{"href":"https:\/\/dislabequipomedico.com\/index.php\/wp-json\/wp\/v2\/product"}],"about":[{"href":"https:\/\/dislabequipomedico.com\/index.php\/wp-json\/wp\/v2\/types\/product"}],"replies":[{"embeddable":true,"href":"https:\/\/dislabequipomedico.com\/index.php\/wp-json\/wp\/v2\/comments?post=343"}],"wp:featuredmedia":[{"embeddable":true,"href":"https:\/\/dislabequipomedico.com\/index.php\/wp-json\/wp\/v2\/media\/344"}],"wp:attachment":[{"href":"https:\/\/dislabequipomedico.com\/index.php\/wp-json\/wp\/v2\/media?parent=343"}],"wp:term":[{"taxonomy":"product_cat","embeddable":true,"href":"https:\/\/dislabequipomedico.com\/index.php\/wp-json\/wp\/v2\/product_cat?post=343"},{"taxonomy":"product_tag","embeddable":true,"href":"https:\/\/dislabequipomedico.com\/index.php\/wp-json\/wp\/v2\/product_tag?post=343"}],"curies":[{"name":"wp","href":"https:\/\/api.w.org\/{rel}","templated":true}]}}