{"id":345,"date":"2024-04-05T01:46:54","date_gmt":"2024-04-04T23:46:54","guid":{"rendered":"https:\/\/dislabequipomedico.com\/?post_type=product&#038;p=345"},"modified":"2024-04-05T01:46:54","modified_gmt":"2024-04-04T23:46:54","slug":"analizador-de-hematologia-automatico-abx-micros-60","status":"publish","type":"product","link":"https:\/\/dislabequipomedico.com\/index.php\/producto\/analizador-de-hematologia-automatico-abx-micros-60\/","title":{"rendered":"Analizador de hematolog\u00eda autom\u00e1tico ABX Micros 60"},"content":{"rendered":"<p>&nbsp;<\/p>\n<ul>\n<li>ABX Micros 60<\/li>\n<li><\/li>\n<li>Panorama general<\/li>\n<li>Tecnolog\u00eda de impedancia, fotometr\u00eda<\/li>\n<li>Micromuestreo: S\u00f3lo 10 \u00b5L<\/li>\n<li>Almacenamiento de memoria basado en tarjeta inteligente (opcional)<\/li>\n<li>Sin compresor (tecnolog\u00eda de motor paso a paso)<\/li>\n<li>Caracter\u00edsticas<\/li>\n<li>M\u00e9todos de medici\u00f3n: Tecnolog\u00eda de impedancia, fotometr\u00eda.<\/li>\n<li>V\u00e1lvulas para l\u00edquidos (sin pellizco): Fiabilidad y mayor precisi\u00f3n<\/li>\n<li>Sin compresor (motor paso a paso): Fiabilidad, menos mantenimiento y ruido<\/li>\n<li>Segmento: M\u00e9dico<\/li>\n<li>Divisi\u00f3n: Hematolog\u00eda<\/li>\n<\/ul>\n<p>&nbsp;<\/p>\n","protected":false},"excerpt":{"rendered":"<p>&nbsp; ABX Micros 60 Panorama general Tecnolog\u00eda de impedancia, fotometr\u00eda Micromuestreo: S\u00f3lo 10 \u00b5L Almacenamiento de memoria basado en tarjeta [&hellip;]<\/p>\n","protected":false},"featured_media":346,"comment_status":"open","ping_status":"closed","template":"","meta":{"site-sidebar-layout":"default","site-content-layout":"","ast-site-content-layout":"default","site-content-style":"default","site-sidebar-style":"default","ast-global-header-display":"","ast-banner-title-visibility":"","ast-main-header-display":"","ast-hfb-above-header-display":"","ast-hfb-below-header-display":"","ast-hfb-mobile-header-display":"","site-post-title":"","ast-breadcrumbs-content":"","ast-featured-img":"","footer-sml-layout":"","theme-transparent-header-meta":"disabled","adv-header-id-meta":"","stick-header-meta":"","header-above-stick-meta":"","header-main-stick-meta":"","header-below-stick-meta":"","astra-migrate-meta-layouts":"set","ast-page-background-enabled":"default","ast-page-background-meta":{"desktop":{"background-color":"var(--ast-global-color-4)","background-image":"","background-repeat":"repeat","background-position":"center center","background-size":"auto","background-attachment":"scroll","background-type":"","background-media":"","overlay-type":"","overlay-color":"","overlay-gradient":""},"tablet":{"background-color":"","background-image":"","background-repeat":"repeat","background-position":"center center","background-size":"auto","background-attachment":"scroll","background-type":"","background-media":"","overlay-type":"","overlay-color":"","overlay-gradient":""},"mobile":{"background-color":"","background-image":"","background-repeat":"repeat","background-position":"center center","background-size":"auto","background-attachment":"scroll","background-type":"","background-media":"","overlay-type":"","overlay-color":"","overlay-gradient":""}},"ast-content-background-meta":{"desktop":{"background-color":"var(--ast-global-color-5)","background-image":"","background-repeat":"repeat","background-position":"center center","background-size":"auto","background-attachment":"scroll","background-type":"","background-media":"","overlay-type":"","overlay-color":"","overlay-gradient":""},"tablet":{"background-color":"var(--ast-global-color-5)","background-image":"","background-repeat":"repeat","background-position":"center center","background-size":"auto","background-attachment":"scroll","background-type":"","background-media":"","overlay-type":"","overlay-color":"","overlay-gradient":""},"mobile":{"background-color":"var(--ast-global-color-5)","background-image":"","background-repeat":"repeat","background-position":"center center","background-size":"auto","background-attachment":"scroll","background-type":"","background-media":"","overlay-type":"","overlay-color":"","overlay-gradient":""}}},"product_cat":[26],"product_tag":[],"_links":{"self":[{"href":"https:\/\/dislabequipomedico.com\/index.php\/wp-json\/wp\/v2\/product\/345"}],"collection":[{"href":"https:\/\/dislabequipomedico.com\/index.php\/wp-json\/wp\/v2\/product"}],"about":[{"href":"https:\/\/dislabequipomedico.com\/index.php\/wp-json\/wp\/v2\/types\/product"}],"replies":[{"embeddable":true,"href":"https:\/\/dislabequipomedico.com\/index.php\/wp-json\/wp\/v2\/comments?post=345"}],"wp:featuredmedia":[{"embeddable":true,"href":"https:\/\/dislabequipomedico.com\/index.php\/wp-json\/wp\/v2\/media\/346"}],"wp:attachment":[{"href":"https:\/\/dislabequipomedico.com\/index.php\/wp-json\/wp\/v2\/media?parent=345"}],"wp:term":[{"taxonomy":"product_cat","embeddable":true,"href":"https:\/\/dislabequipomedico.com\/index.php\/wp-json\/wp\/v2\/product_cat?post=345"},{"taxonomy":"product_tag","embeddable":true,"href":"https:\/\/dislabequipomedico.com\/index.php\/wp-json\/wp\/v2\/product_tag?post=345"}],"curies":[{"name":"wp","href":"https:\/\/api.w.org\/{rel}","templated":true}]}}