{"id":350,"date":"2024-04-05T01:55:29","date_gmt":"2024-04-04T23:55:29","guid":{"rendered":"https:\/\/dislabequipomedico.com\/?post_type=product&#038;p=350"},"modified":"2024-05-09T19:29:59","modified_gmt":"2024-05-10T01:29:59","slug":"bc-3200-mindray","status":"publish","type":"product","link":"https:\/\/dislabequipomedico.com\/index.php\/producto\/bc-3200-mindray\/","title":{"rendered":"BC-3200-Mindray"},"content":{"rendered":"<p>Completamente autom\u00e1tico, compacto, flexible y rentable.<br \/>\nDiferencia la poblaci\u00f3n leucocitaria en tres grupos.<br \/>\n19 par\u00e1metros+3 histogramas.<br \/>\nCapacidad: 60 muestras\/hora.<br \/>\nAlmacena hasta 35,000 resultados incluyendo histogramas.<br \/>\n3 modos de conteo: Todos los par\u00e1metros, WBC\/HGB, RBC\/PLT.<br \/>\nImpresora t\u00e9rmica y opci\u00f3n para impresora externa.<br \/>\nAmplia pantalla LCD a color.<br \/>\nSistema cerrado de muestreo con 4 posiciones.<\/p>\n","protected":false},"excerpt":{"rendered":"<p>El BC-3200 es el \u00faltimo e innovador producto con aprobaci\u00f3n de la FDA que incluye una c\u00e1mara de perforaci\u00f3n de tap\u00f3n que admite cuatro tipos de tubos para evitar una posible contaminaci\u00f3n biol\u00f3gica. Adem\u00e1s, gracias a la excelente velocidad de test, los resultados precisos, el software intuitivo y el mantenimiento sencillo, tendr\u00e1 el mejor analizador de su clase.<\/p>\n","protected":false},"featured_media":351,"comment_status":"open","ping_status":"closed","template":"","meta":{"site-sidebar-layout":"default","site-content-layout":"","ast-site-content-layout":"default","site-content-style":"default","site-sidebar-style":"default","ast-global-header-display":"","ast-banner-title-visibility":"","ast-main-header-display":"","ast-hfb-above-header-display":"","ast-hfb-below-header-display":"","ast-hfb-mobile-header-display":"","site-post-title":"","ast-breadcrumbs-content":"","ast-featured-img":"","footer-sml-layout":"","theme-transparent-header-meta":"disabled","adv-header-id-meta":"","stick-header-meta":"","header-above-stick-meta":"","header-main-stick-meta":"","header-below-stick-meta":"","astra-migrate-meta-layouts":"set","ast-page-background-enabled":"default","ast-page-background-meta":{"desktop":{"background-color":"var(--ast-global-color-4)","background-image":"","background-repeat":"repeat","background-position":"center center","background-size":"auto","background-attachment":"scroll","background-type":"","background-media":"","overlay-type":"","overlay-color":"","overlay-gradient":""},"tablet":{"background-color":"","background-image":"","background-repeat":"repeat","background-position":"center center","background-size":"auto","background-attachment":"scroll","background-type":"","background-media":"","overlay-type":"","overlay-color":"","overlay-gradient":""},"mobile":{"background-color":"","background-image":"","background-repeat":"repeat","background-position":"center center","background-size":"auto","background-attachment":"scroll","background-type":"","background-media":"","overlay-type":"","overlay-color":"","overlay-gradient":""}},"ast-content-background-meta":{"desktop":{"background-color":"var(--ast-global-color-5)","background-image":"","background-repeat":"repeat","background-position":"center center","background-size":"auto","background-attachment":"scroll","background-type":"","background-media":"","overlay-type":"","overlay-color":"","overlay-gradient":""},"tablet":{"background-color":"var(--ast-global-color-5)","background-image":"","background-repeat":"repeat","background-position":"center center","background-size":"auto","background-attachment":"scroll","background-type":"","background-media":"","overlay-type":"","overlay-color":"","overlay-gradient":""},"mobile":{"background-color":"var(--ast-global-color-5)","background-image":"","background-repeat":"repeat","background-position":"center center","background-size":"auto","background-attachment":"scroll","background-type":"","background-media":"","overlay-type":"","overlay-color":"","overlay-gradient":""}}},"product_cat":[26,35,31],"product_tag":[],"_links":{"self":[{"href":"https:\/\/dislabequipomedico.com\/index.php\/wp-json\/wp\/v2\/product\/350"}],"collection":[{"href":"https:\/\/dislabequipomedico.com\/index.php\/wp-json\/wp\/v2\/product"}],"about":[{"href":"https:\/\/dislabequipomedico.com\/index.php\/wp-json\/wp\/v2\/types\/product"}],"replies":[{"embeddable":true,"href":"https:\/\/dislabequipomedico.com\/index.php\/wp-json\/wp\/v2\/comments?post=350"}],"wp:featuredmedia":[{"embeddable":true,"href":"https:\/\/dislabequipomedico.com\/index.php\/wp-json\/wp\/v2\/media\/351"}],"wp:attachment":[{"href":"https:\/\/dislabequipomedico.com\/index.php\/wp-json\/wp\/v2\/media?parent=350"}],"wp:term":[{"taxonomy":"product_cat","embeddable":true,"href":"https:\/\/dislabequipomedico.com\/index.php\/wp-json\/wp\/v2\/product_cat?post=350"},{"taxonomy":"product_tag","embeddable":true,"href":"https:\/\/dislabequipomedico.com\/index.php\/wp-json\/wp\/v2\/product_tag?post=350"}],"curies":[{"name":"wp","href":"https:\/\/api.w.org\/{rel}","templated":true}]}}