{"id":352,"date":"2024-04-05T02:02:13","date_gmt":"2024-04-05T00:02:13","guid":{"rendered":"https:\/\/dislabequipomedico.com\/?post_type=product&#038;p=352"},"modified":"2024-05-09T19:29:18","modified_gmt":"2024-05-10T01:29:18","slug":"human-humalyzer-2000","status":"publish","type":"product","link":"https:\/\/dislabequipomedico.com\/index.php\/producto\/human-humalyzer-2000\/","title":{"rendered":"HUMAN Humalyzer 2000"},"content":{"rendered":"<p>Fot\u00f3metro semiautom\u00e1tico<br \/>\ncon incubadora integrada<br \/>\n&gt; M\u00e9todos HUMAN preinstalados<br \/>\n&gt; Modo de lectura directa de cubetas o celda de flujo<br \/>\n&gt; Instrumento especialmente recomendado si necesita<br \/>\nlectura directa de cubetas<br \/>\n&gt; M\u00faltiples modos de lectura incl. calibraci\u00f3n multipunto<br \/>\n&gt; Instrumento abierto con un total de 59<br \/>\nm\u00e9todos programables<br \/>\n&gt; Pantalla monocrom\u00e1tica (2 l\u00edneas)<br \/>\n&gt; Memoria para 255 muestras, calibraci\u00f3n<br \/>\n&gt; Software en ingl\u00e9s o espa\u00f1ol opcional, ruso<br \/>\n&gt; Incubadora integrada con 12 posiciones<br \/>\n&gt; Impresora t\u00e9rmica interna (20 columnas)<br \/>\n&gt; Rango fotom\u00e9trico: 330 \u2013 700 nm<br \/>\n&gt; Longitudes de onda: 340, 405, 505, 545, 580, 630 nm<br \/>\ny posiciones libres<br \/>\n&gt; Temperatura de incubaci\u00f3n: 37 \u00b0C<br \/>\n&gt; Dimensiones: 39 x 45 x 21 cm<br \/>\n&gt; Peso neto: 8,1 kg<br \/>\n&gt; 230\/ 110 Vca, 60 VA<\/p>\n","protected":false},"excerpt":{"rendered":"<p>Fot\u00f3metro semiautom\u00e1tico con incubadora integrada &gt; M\u00e9todos HUMAN preinstalados &gt; Modo de lectura directa de cubetas o celda de flujo [&hellip;]<\/p>\n","protected":false},"featured_media":353,"comment_status":"open","ping_status":"closed","template":"","meta":{"site-sidebar-layout":"default","site-content-layout":"","ast-site-content-layout":"default","site-content-style":"default","site-sidebar-style":"default","ast-global-header-display":"","ast-banner-title-visibility":"","ast-main-header-display":"","ast-hfb-above-header-display":"","ast-hfb-below-header-display":"","ast-hfb-mobile-header-display":"","site-post-title":"","ast-breadcrumbs-content":"","ast-featured-img":"","footer-sml-layout":"","theme-transparent-header-meta":"disabled","adv-header-id-meta":"","stick-header-meta":"","header-above-stick-meta":"","header-main-stick-meta":"","header-below-stick-meta":"","astra-migrate-meta-layouts":"set","ast-page-background-enabled":"default","ast-page-background-meta":{"desktop":{"background-color":"var(--ast-global-color-4)","background-image":"","background-repeat":"repeat","background-position":"center center","background-size":"auto","background-attachment":"scroll","background-type":"","background-media":"","overlay-type":"","overlay-color":"","overlay-gradient":""},"tablet":{"background-color":"","background-image":"","background-repeat":"repeat","background-position":"center center","background-size":"auto","background-attachment":"scroll","background-type":"","background-media":"","overlay-type":"","overlay-color":"","overlay-gradient":""},"mobile":{"background-color":"","background-image":"","background-repeat":"repeat","background-position":"center center","background-size":"auto","background-attachment":"scroll","background-type":"","background-media":"","overlay-type":"","overlay-color":"","overlay-gradient":""}},"ast-content-background-meta":{"desktop":{"background-color":"var(--ast-global-color-5)","background-image":"","background-repeat":"repeat","background-position":"center center","background-size":"auto","background-attachment":"scroll","background-type":"","background-media":"","overlay-type":"","overlay-color":"","overlay-gradient":""},"tablet":{"background-color":"var(--ast-global-color-5)","background-image":"","background-repeat":"repeat","background-position":"center center","background-size":"auto","background-attachment":"scroll","background-type":"","background-media":"","overlay-type":"","overlay-color":"","overlay-gradient":""},"mobile":{"background-color":"var(--ast-global-color-5)","background-image":"","background-repeat":"repeat","background-position":"center center","background-size":"auto","background-attachment":"scroll","background-type":"","background-media":"","overlay-type":"","overlay-color":"","overlay-gradient":""}}},"product_cat":[34,27],"product_tag":[],"_links":{"self":[{"href":"https:\/\/dislabequipomedico.com\/index.php\/wp-json\/wp\/v2\/product\/352"}],"collection":[{"href":"https:\/\/dislabequipomedico.com\/index.php\/wp-json\/wp\/v2\/product"}],"about":[{"href":"https:\/\/dislabequipomedico.com\/index.php\/wp-json\/wp\/v2\/types\/product"}],"replies":[{"embeddable":true,"href":"https:\/\/dislabequipomedico.com\/index.php\/wp-json\/wp\/v2\/comments?post=352"}],"wp:featuredmedia":[{"embeddable":true,"href":"https:\/\/dislabequipomedico.com\/index.php\/wp-json\/wp\/v2\/media\/353"}],"wp:attachment":[{"href":"https:\/\/dislabequipomedico.com\/index.php\/wp-json\/wp\/v2\/media?parent=352"}],"wp:term":[{"taxonomy":"product_cat","embeddable":true,"href":"https:\/\/dislabequipomedico.com\/index.php\/wp-json\/wp\/v2\/product_cat?post=352"},{"taxonomy":"product_tag","embeddable":true,"href":"https:\/\/dislabequipomedico.com\/index.php\/wp-json\/wp\/v2\/product_tag?post=352"}],"curies":[{"name":"wp","href":"https:\/\/api.w.org\/{rel}","templated":true}]}}