{"id":363,"date":"2024-04-06T00:07:14","date_gmt":"2024-04-05T22:07:14","guid":{"rendered":"https:\/\/dislabequipomedico.com\/?post_type=product&#038;p=363"},"modified":"2024-05-09T19:26:06","modified_gmt":"2024-05-10T01:26:06","slug":"coagulometro-bft-ii","status":"publish","type":"product","link":"https:\/\/dislabequipomedico.com\/index.php\/producto\/coagulometro-bft-ii\/","title":{"rendered":"Coagul\u00f3metro BFT II"},"content":{"rendered":"<p><strong>Caracter\u00edsticas<\/strong><\/p>\n<ul>\n<li>C\u00e1lculo autom\u00e1tico de resultados, por ejemplo, PT en segundos, % de norma \/ PR \/ INR,<\/li>\n<li>Fibrin\u00f3geno en mg \/ dL o g \/ L<\/li>\n<li>Bloque de incubaci\u00f3n de temperatura controlada para reactivos y muestras<\/li>\n<li>Mezcla de muestras durante la medici\u00f3n<\/li>\n<li>Aprox. 60 pruebas de PT\/hora<\/li>\n<li>Aprox. 30 pruebas APTT\/hora<\/li>\n<li>Pipeteo manual de reactivos<\/li>\n<li>4 posiciones GW 15 \u2013 botellas<\/li>\n<li>Botellas GW5 con anillos reductores<strong>Men\u00fa de pruebas<\/strong><\/li>\n<li>PT Reactivos Thromborel\u00ae S, Innovin\u00ae<\/li>\n<li>APTT Reactivos Actin\u00ae, Actin FS, Actin FSL, Pathromtin* SL<\/li>\n<li>Fibrin\u00f3geno Reactivo de Multifibren* U<\/li>\n<li>Tiempo de trombina Reactivo Thrombin*<\/li>\n<li>Tiempo de batroxobina Reactivo para tiempo de batroxobina<\/li>\n<\/ul>\n","protected":false},"excerpt":{"rendered":"<p>El Coagul\u00f3metro BFT II es un analizador semiautom\u00e1tico que combina las ventajas de los principios mec\u00e1nicos y foto-\u00f3pticos de detecci\u00f3n de co\u00e1gulos mediante el empleo de un dispositivo de detecci\u00f3n turbodensitom\u00e9trico \u00fanico.<\/p>\n","protected":false},"featured_media":364,"comment_status":"open","ping_status":"closed","template":"","meta":{"site-sidebar-layout":"default","site-content-layout":"","ast-site-content-layout":"default","site-content-style":"default","site-sidebar-style":"default","ast-global-header-display":"","ast-banner-title-visibility":"","ast-main-header-display":"","ast-hfb-above-header-display":"","ast-hfb-below-header-display":"","ast-hfb-mobile-header-display":"","site-post-title":"","ast-breadcrumbs-content":"","ast-featured-img":"","footer-sml-layout":"","theme-transparent-header-meta":"disabled","adv-header-id-meta":"","stick-header-meta":"","header-above-stick-meta":"","header-main-stick-meta":"","header-below-stick-meta":"","astra-migrate-meta-layouts":"set","ast-page-background-enabled":"default","ast-page-background-meta":{"desktop":{"background-color":"var(--ast-global-color-4)","background-image":"","background-repeat":"repeat","background-position":"center center","background-size":"auto","background-attachment":"scroll","background-type":"","background-media":"","overlay-type":"","overlay-color":"","overlay-gradient":""},"tablet":{"background-color":"","background-image":"","background-repeat":"repeat","background-position":"center center","background-size":"auto","background-attachment":"scroll","background-type":"","background-media":"","overlay-type":"","overlay-color":"","overlay-gradient":""},"mobile":{"background-color":"","background-image":"","background-repeat":"repeat","background-position":"center center","background-size":"auto","background-attachment":"scroll","background-type":"","background-media":"","overlay-type":"","overlay-color":"","overlay-gradient":""}},"ast-content-background-meta":{"desktop":{"background-color":"var(--ast-global-color-5)","background-image":"","background-repeat":"repeat","background-position":"center center","background-size":"auto","background-attachment":"scroll","background-type":"","background-media":"","overlay-type":"","overlay-color":"","overlay-gradient":""},"tablet":{"background-color":"var(--ast-global-color-5)","background-image":"","background-repeat":"repeat","background-position":"center center","background-size":"auto","background-attachment":"scroll","background-type":"","background-media":"","overlay-type":"","overlay-color":"","overlay-gradient":""},"mobile":{"background-color":"var(--ast-global-color-5)","background-image":"","background-repeat":"repeat","background-position":"center center","background-size":"auto","background-attachment":"scroll","background-type":"","background-media":"","overlay-type":"","overlay-color":"","overlay-gradient":""}}},"product_cat":[28,31,33],"product_tag":[],"_links":{"self":[{"href":"https:\/\/dislabequipomedico.com\/index.php\/wp-json\/wp\/v2\/product\/363"}],"collection":[{"href":"https:\/\/dislabequipomedico.com\/index.php\/wp-json\/wp\/v2\/product"}],"about":[{"href":"https:\/\/dislabequipomedico.com\/index.php\/wp-json\/wp\/v2\/types\/product"}],"replies":[{"embeddable":true,"href":"https:\/\/dislabequipomedico.com\/index.php\/wp-json\/wp\/v2\/comments?post=363"}],"wp:featuredmedia":[{"embeddable":true,"href":"https:\/\/dislabequipomedico.com\/index.php\/wp-json\/wp\/v2\/media\/364"}],"wp:attachment":[{"href":"https:\/\/dislabequipomedico.com\/index.php\/wp-json\/wp\/v2\/media?parent=363"}],"wp:term":[{"taxonomy":"product_cat","embeddable":true,"href":"https:\/\/dislabequipomedico.com\/index.php\/wp-json\/wp\/v2\/product_cat?post=363"},{"taxonomy":"product_tag","embeddable":true,"href":"https:\/\/dislabequipomedico.com\/index.php\/wp-json\/wp\/v2\/product_tag?post=363"}],"curies":[{"name":"wp","href":"https:\/\/api.w.org\/{rel}","templated":true}]}}