{"id":366,"date":"2024-04-06T00:24:09","date_gmt":"2024-04-05T22:24:09","guid":{"rendered":"https:\/\/dislabequipomedico.com\/?post_type=product&#038;p=366"},"modified":"2024-05-09T19:25:19","modified_gmt":"2024-05-10T01:25:19","slug":"analizador-de-coagulacion-automatizado-coag2d","status":"publish","type":"product","link":"https:\/\/dislabequipomedico.com\/index.php\/producto\/analizador-de-coagulacion-automatizado-coag2d\/","title":{"rendered":"Analizador de coagulaci\u00f3n automatizado Coag2D"},"content":{"rendered":"<p>Coagul\u00f3metro manual vers\u00e1til de 2 canales con un dise\u00f1o peque\u00f1o y compacto. La innovadora interfaz de usuario, las funciones de control de calidad integradas, la disponibilidad de la calibraci\u00f3n de la curva maestra, el funcionamiento sin mantenimiento y la conexi\u00f3n LIS le ayudan en su trabajo.<\/p>\n<ul>\n<li>Excelente correlaci\u00f3n de los resultados de las pruebas con los coagul\u00f3metros autom\u00e1ticos<\/li>\n<li>Posiciones de reactivos controladas por mezcla termost\u00e1tica<\/li>\n<li>Sin necesidad de calibraci\u00f3n: se admite la curva maestra<\/li>\n<li>M\u00f3dulo de control de calidad integrado<\/li>\n<li>Innovadora interfaz de usuario<\/li>\n<li>Pantalla t\u00e1ctil LCD en color<\/li>\n<li>Concepto libre de mantenimiento<\/li>\n<li>Conexi\u00f3n de interfaz de host LIS<\/li>\n<li>Almacenamiento de datos ampliado<\/li>\n<\/ul>\n","protected":false},"excerpt":{"rendered":"<p>Coagul\u00f3metro manual vers\u00e1til de 2 canales con un dise\u00f1o peque\u00f1o y compacto. La innovadora interfaz de usuario, las funciones de [&hellip;]<\/p>\n","protected":false},"featured_media":367,"comment_status":"open","ping_status":"closed","template":"","meta":{"site-sidebar-layout":"default","site-content-layout":"","ast-site-content-layout":"default","site-content-style":"default","site-sidebar-style":"default","ast-global-header-display":"","ast-banner-title-visibility":"","ast-main-header-display":"","ast-hfb-above-header-display":"","ast-hfb-below-header-display":"","ast-hfb-mobile-header-display":"","site-post-title":"","ast-breadcrumbs-content":"","ast-featured-img":"","footer-sml-layout":"","theme-transparent-header-meta":"disabled","adv-header-id-meta":"","stick-header-meta":"","header-above-stick-meta":"","header-main-stick-meta":"","header-below-stick-meta":"","astra-migrate-meta-layouts":"set","ast-page-background-enabled":"default","ast-page-background-meta":{"desktop":{"background-color":"var(--ast-global-color-4)","background-image":"","background-repeat":"repeat","background-position":"center center","background-size":"auto","background-attachment":"scroll","background-type":"","background-media":"","overlay-type":"","overlay-color":"","overlay-gradient":""},"tablet":{"background-color":"","background-image":"","background-repeat":"repeat","background-position":"center center","background-size":"auto","background-attachment":"scroll","background-type":"","background-media":"","overlay-type":"","overlay-color":"","overlay-gradient":""},"mobile":{"background-color":"","background-image":"","background-repeat":"repeat","background-position":"center center","background-size":"auto","background-attachment":"scroll","background-type":"","background-media":"","overlay-type":"","overlay-color":"","overlay-gradient":""}},"ast-content-background-meta":{"desktop":{"background-color":"var(--ast-global-color-5)","background-image":"","background-repeat":"repeat","background-position":"center center","background-size":"auto","background-attachment":"scroll","background-type":"","background-media":"","overlay-type":"","overlay-color":"","overlay-gradient":""},"tablet":{"background-color":"var(--ast-global-color-5)","background-image":"","background-repeat":"repeat","background-position":"center center","background-size":"auto","background-attachment":"scroll","background-type":"","background-media":"","overlay-type":"","overlay-color":"","overlay-gradient":""},"mobile":{"background-color":"var(--ast-global-color-5)","background-image":"","background-repeat":"repeat","background-position":"center center","background-size":"auto","background-attachment":"scroll","background-type":"","background-media":"","overlay-type":"","overlay-color":"","overlay-gradient":""}}},"product_cat":[28,32],"product_tag":[],"_links":{"self":[{"href":"https:\/\/dislabequipomedico.com\/index.php\/wp-json\/wp\/v2\/product\/366"}],"collection":[{"href":"https:\/\/dislabequipomedico.com\/index.php\/wp-json\/wp\/v2\/product"}],"about":[{"href":"https:\/\/dislabequipomedico.com\/index.php\/wp-json\/wp\/v2\/types\/product"}],"replies":[{"embeddable":true,"href":"https:\/\/dislabequipomedico.com\/index.php\/wp-json\/wp\/v2\/comments?post=366"}],"wp:featuredmedia":[{"embeddable":true,"href":"https:\/\/dislabequipomedico.com\/index.php\/wp-json\/wp\/v2\/media\/367"}],"wp:attachment":[{"href":"https:\/\/dislabequipomedico.com\/index.php\/wp-json\/wp\/v2\/media?parent=366"}],"wp:term":[{"taxonomy":"product_cat","embeddable":true,"href":"https:\/\/dislabequipomedico.com\/index.php\/wp-json\/wp\/v2\/product_cat?post=366"},{"taxonomy":"product_tag","embeddable":true,"href":"https:\/\/dislabequipomedico.com\/index.php\/wp-json\/wp\/v2\/product_tag?post=366"}],"curies":[{"name":"wp","href":"https:\/\/api.w.org\/{rel}","templated":true}]}}