{"id":368,"date":"2024-04-06T01:00:44","date_gmt":"2024-04-05T23:00:44","guid":{"rendered":"https:\/\/dislabequipomedico.com\/?post_type=product&#038;p=368"},"modified":"2024-05-09T19:24:43","modified_gmt":"2024-05-10T01:24:43","slug":"coag-4d","status":"publish","type":"product","link":"https:\/\/dislabequipomedico.com\/index.php\/producto\/coag-4d\/","title":{"rendered":"Coag 4d"},"content":{"rendered":"<ul>\n<li>4 canales para mediciones independientes (2 paralelos o 4 individuales)<\/li>\n<li>Gama completa de pruebas de coagulaci\u00f3n<br \/>\n(pruebas diagn\u00f3sticas, Factores y pruebas definidas por el usuario)<\/li>\n<li>Medici\u00f3n cuantitativa del d\u00edmero D<\/li>\n<\/ul>\n<ul>\n<li>Pantalla t\u00e1ctil a color de cristal l\u00edquido<\/li>\n<li>Interfaz para el usuario innovadora<\/li>\n<li>Gu\u00eda visual de orientaci\u00f3n para una operaci\u00f3n f\u00e1cil y sin contacto<\/li>\n<li>Seguimiento del canal en tiempo real sincronizado en pantalla con LED<\/li>\n<\/ul>\n<ul>\n<li>Componente de Control de calidad (QC)<\/li>\n<li>Capacidad de almacenaje de datos expandible<\/li>\n<\/ul>\n","protected":false},"excerpt":{"rendered":"<p>4 canales para mediciones independientes (2 paralelos o 4 individuales) Gama completa de pruebas de coagulaci\u00f3n (pruebas diagn\u00f3sticas, Factores y [&hellip;]<\/p>\n","protected":false},"featured_media":369,"comment_status":"open","ping_status":"closed","template":"","meta":{"site-sidebar-layout":"default","site-content-layout":"","ast-site-content-layout":"default","site-content-style":"default","site-sidebar-style":"default","ast-global-header-display":"","ast-banner-title-visibility":"","ast-main-header-display":"","ast-hfb-above-header-display":"","ast-hfb-below-header-display":"","ast-hfb-mobile-header-display":"","site-post-title":"","ast-breadcrumbs-content":"","ast-featured-img":"","footer-sml-layout":"","theme-transparent-header-meta":"disabled","adv-header-id-meta":"","stick-header-meta":"","header-above-stick-meta":"","header-main-stick-meta":"","header-below-stick-meta":"","astra-migrate-meta-layouts":"set","ast-page-background-enabled":"default","ast-page-background-meta":{"desktop":{"background-color":"var(--ast-global-color-4)","background-image":"","background-repeat":"repeat","background-position":"center center","background-size":"auto","background-attachment":"scroll","background-type":"","background-media":"","overlay-type":"","overlay-color":"","overlay-gradient":""},"tablet":{"background-color":"","background-image":"","background-repeat":"repeat","background-position":"center center","background-size":"auto","background-attachment":"scroll","background-type":"","background-media":"","overlay-type":"","overlay-color":"","overlay-gradient":""},"mobile":{"background-color":"","background-image":"","background-repeat":"repeat","background-position":"center center","background-size":"auto","background-attachment":"scroll","background-type":"","background-media":"","overlay-type":"","overlay-color":"","overlay-gradient":""}},"ast-content-background-meta":{"desktop":{"background-color":"var(--ast-global-color-5)","background-image":"","background-repeat":"repeat","background-position":"center center","background-size":"auto","background-attachment":"scroll","background-type":"","background-media":"","overlay-type":"","overlay-color":"","overlay-gradient":""},"tablet":{"background-color":"var(--ast-global-color-5)","background-image":"","background-repeat":"repeat","background-position":"center center","background-size":"auto","background-attachment":"scroll","background-type":"","background-media":"","overlay-type":"","overlay-color":"","overlay-gradient":""},"mobile":{"background-color":"var(--ast-global-color-5)","background-image":"","background-repeat":"repeat","background-position":"center center","background-size":"auto","background-attachment":"scroll","background-type":"","background-media":"","overlay-type":"","overlay-color":"","overlay-gradient":""}}},"product_cat":[28,32,31],"product_tag":[],"_links":{"self":[{"href":"https:\/\/dislabequipomedico.com\/index.php\/wp-json\/wp\/v2\/product\/368"}],"collection":[{"href":"https:\/\/dislabequipomedico.com\/index.php\/wp-json\/wp\/v2\/product"}],"about":[{"href":"https:\/\/dislabequipomedico.com\/index.php\/wp-json\/wp\/v2\/types\/product"}],"replies":[{"embeddable":true,"href":"https:\/\/dislabequipomedico.com\/index.php\/wp-json\/wp\/v2\/comments?post=368"}],"wp:featuredmedia":[{"embeddable":true,"href":"https:\/\/dislabequipomedico.com\/index.php\/wp-json\/wp\/v2\/media\/369"}],"wp:attachment":[{"href":"https:\/\/dislabequipomedico.com\/index.php\/wp-json\/wp\/v2\/media?parent=368"}],"wp:term":[{"taxonomy":"product_cat","embeddable":true,"href":"https:\/\/dislabequipomedico.com\/index.php\/wp-json\/wp\/v2\/product_cat?post=368"},{"taxonomy":"product_tag","embeddable":true,"href":"https:\/\/dislabequipomedico.com\/index.php\/wp-json\/wp\/v2\/product_tag?post=368"}],"curies":[{"name":"wp","href":"https:\/\/api.w.org\/{rel}","templated":true}]}}