{"id":579,"date":"2024-05-09T21:31:42","date_gmt":"2024-05-10T03:31:42","guid":{"rendered":"https:\/\/dislabequipomedico.com\/?post_type=product&#038;p=579"},"modified":"2024-06-18T15:44:35","modified_gmt":"2024-06-18T21:44:35","slug":"escaner-de-ultrasonido-doppler-a-color-3d-4d-movil-sonoscape-s50","status":"publish","type":"product","link":"https:\/\/dislabequipomedico.com\/index.php\/producto\/escaner-de-ultrasonido-doppler-a-color-3d-4d-movil-sonoscape-s50\/","title":{"rendered":"Sonoscape S50 Esc\u00e1ner de ultrasonido Doppler a color 3D\/4D m\u00f3vil"},"content":{"rendered":"<p>Est\u00e1 Equipado con potentes transductores de cristal \u00fanico, notables funciones 4D y flujo de trabajo inteligente, lo que ayuda en gran medida a satisfacer una amplia variedad de necesidades generales de imagen.<br \/>\nEquipado con software y hardware extraordinarios, S50 es un buen dise\u00f1o equilibrado, interna y externamente<\/p>\n","protected":false},"excerpt":{"rendered":"<p>Est\u00e1 Equipado con potentes transductores de cristal \u00fanico, notables funciones 4D y flujo de trabajo inteligente, lo que ayuda en gran medida a satisfacer una amplia variedad de necesidades generales de imagen.<br \/>\nEquipado con software y hardware extraordinarios, S50 es un buen dise\u00f1o equilibrado, interna y externamente.<br \/>\nLa pantalla t\u00e1ctil de respuesta r\u00e1pida, el cambio de modo y las operaciones de almacenamiento ofrecen un nuevo est\u00e1ndar con claridad y flexibilidad.<\/p>\n","protected":false},"featured_media":580,"comment_status":"open","ping_status":"closed","template":"","meta":{"site-sidebar-layout":"default","site-content-layout":"","ast-site-content-layout":"default","site-content-style":"default","site-sidebar-style":"default","ast-global-header-display":"","ast-banner-title-visibility":"","ast-main-header-display":"","ast-hfb-above-header-display":"","ast-hfb-below-header-display":"","ast-hfb-mobile-header-display":"","site-post-title":"","ast-breadcrumbs-content":"","ast-featured-img":"","footer-sml-layout":"","theme-transparent-header-meta":"disabled","adv-header-id-meta":"","stick-header-meta":"","header-above-stick-meta":"","header-main-stick-meta":"","header-below-stick-meta":"","astra-migrate-meta-layouts":"set","ast-page-background-enabled":"default","ast-page-background-meta":{"desktop":{"background-color":"var(--ast-global-color-4)","background-image":"","background-repeat":"repeat","background-position":"center center","background-size":"auto","background-attachment":"scroll","background-type":"","background-media":"","overlay-type":"","overlay-color":"","overlay-gradient":""},"tablet":{"background-color":"","background-image":"","background-repeat":"repeat","background-position":"center center","background-size":"auto","background-attachment":"scroll","background-type":"","background-media":"","overlay-type":"","overlay-color":"","overlay-gradient":""},"mobile":{"background-color":"","background-image":"","background-repeat":"repeat","background-position":"center center","background-size":"auto","background-attachment":"scroll","background-type":"","background-media":"","overlay-type":"","overlay-color":"","overlay-gradient":""}},"ast-content-background-meta":{"desktop":{"background-color":"var(--ast-global-color-5)","background-image":"","background-repeat":"repeat","background-position":"center center","background-size":"auto","background-attachment":"scroll","background-type":"","background-media":"","overlay-type":"","overlay-color":"","overlay-gradient":""},"tablet":{"background-color":"var(--ast-global-color-5)","background-image":"","background-repeat":"repeat","background-position":"center center","background-size":"auto","background-attachment":"scroll","background-type":"","background-media":"","overlay-type":"","overlay-color":"","overlay-gradient":""},"mobile":{"background-color":"var(--ast-global-color-5)","background-image":"","background-repeat":"repeat","background-position":"center center","background-size":"auto","background-attachment":"scroll","background-type":"","background-media":"","overlay-type":"","overlay-color":"","overlay-gradient":""}}},"product_cat":[37],"product_tag":[],"_links":{"self":[{"href":"https:\/\/dislabequipomedico.com\/index.php\/wp-json\/wp\/v2\/product\/579"}],"collection":[{"href":"https:\/\/dislabequipomedico.com\/index.php\/wp-json\/wp\/v2\/product"}],"about":[{"href":"https:\/\/dislabequipomedico.com\/index.php\/wp-json\/wp\/v2\/types\/product"}],"replies":[{"embeddable":true,"href":"https:\/\/dislabequipomedico.com\/index.php\/wp-json\/wp\/v2\/comments?post=579"}],"wp:featuredmedia":[{"embeddable":true,"href":"https:\/\/dislabequipomedico.com\/index.php\/wp-json\/wp\/v2\/media\/580"}],"wp:attachment":[{"href":"https:\/\/dislabequipomedico.com\/index.php\/wp-json\/wp\/v2\/media?parent=579"}],"wp:term":[{"taxonomy":"product_cat","embeddable":true,"href":"https:\/\/dislabequipomedico.com\/index.php\/wp-json\/wp\/v2\/product_cat?post=579"},{"taxonomy":"product_tag","embeddable":true,"href":"https:\/\/dislabequipomedico.com\/index.php\/wp-json\/wp\/v2\/product_tag?post=579"}],"curies":[{"name":"wp","href":"https:\/\/api.w.org\/{rel}","templated":true}]}}