{"id":589,"date":"2024-05-09T21:46:56","date_gmt":"2024-05-10T03:46:56","guid":{"rendered":"https:\/\/dislabequipomedico.com\/?post_type=product&#038;p=589"},"modified":"2024-06-07T16:23:10","modified_gmt":"2024-06-07T22:23:10","slug":"sonoeye","status":"publish","type":"product","link":"https:\/\/dislabequipomedico.com\/index.php\/producto\/sonoeye\/","title":{"rendered":"SonoScape P60"},"content":{"rendered":"<p><strong>Inteligencia Artificial<\/strong><br \/>\nAporta una mejora sin precedentes en la efectividad y la exactitud.<br \/>\nLa adopci\u00f3n de la IA en el P60 no s\u00f3lo simplifica enormemente el flujo de trabajo, sino que tambi\u00e9n proporciona una mayor reproducibilidad y fiabilidad en la evaluaci\u00f3n.<\/p>\n<p><strong>S-Fetus<\/strong><br \/>\nS-Fetus es una herramienta f\u00e1cil de usar que permite la detecci\u00f3n totalmente autom\u00e1tica y precisa de los planos m\u00e1s relevantes y las mediciones de biometr\u00eda fetal m\u00e1s utilizadas.<\/p>\n<p><strong>S-tiroides<\/strong><br \/>\nS-Thyroid es una herramienta avanzada para diagnosticar y clasificar lesiones tiroideas sospechosas, basada en la gu\u00eda ACR TI-RADS (American College of Radiology Thyroid Imaging Reporting and Data System). Despu\u00e9s de seleccionar la regi\u00f3n de inter\u00e9s, S-Thyroid puede definir autom\u00e1ticamente los l\u00edmites de la lesi\u00f3n y generar un informe sobre las caracter\u00edsticas de la lesi\u00f3n sospechosa.<\/p>\n<p><strong>S-Breast<\/strong><br \/>\nS-Breast ayuda a delimitar los bordes de la lesi\u00f3n (simplemente ajustando el ROI a la lesi\u00f3n sospechosa) y clasifica la lesi\u00f3n mamaria en estudio, seg\u00fan los informes est\u00e1ndar BI-RADS (Breast Imaging \u2013 Reporting and Data System). La simplificaci\u00f3n del flujo de trabajo puede mejorar la eficacia y proporcionar informes estandarizados sobre la clasificaci\u00f3n de masas benignas y malignas.<\/p>\n<p><strong>S-MSK<br \/>\n<\/strong>S-MSK tiene como objetivo resolver los problemas derivados de la dificultad de reconocer las estructuras anat\u00f3micas en MSK, con un simple \u201cclick\u201d, las estructuras anat\u00f3micas se resaltan y se anotan en la imagen. Si a todo esto, le sumamos la calidad de nuestra sonda lineal de alta frecuencia de SonoScape, el diagn\u00f3stico para MSK ser\u00e1 muy f\u00e1cil, muy dif\u00edcil de igualar.<\/p>\n<p><strong>CEUS<\/strong><br \/>\nEjerce todo el potencial de las im\u00e1genes de microflujos<br \/>\nEl amplio paquete de im\u00e1genes de ultrasonido y cuantificaci\u00f3n de contraste del P60 ofrece a los m\u00e9dicos una soluci\u00f3n completa para evaluar la din\u00e1mica de la perfusi\u00f3n en una amplia gama de entornos cl\u00ednicos.<\/p>\n<p><strong>Micro F<\/strong><br \/>\nPermite la visualizaci\u00f3n de las estructuras microvascularizadas<br \/>\nMicro F proporciona un m\u00e9todo innovador para ampliar el rango de flujo visible en el ultrasonido, especialmente para visualizar peque\u00f1os vasos de flujo lento.<\/p>\n<p><strong>Software Cardiovascular Avanzado<\/strong><br \/>\nSoluci\u00f3n integral para la evaluaci\u00f3n card\u00edaca<br \/>\nEquipado con los transductores \u00fanicos de cristal puro de SonoScape y la tecnolog\u00eda de vanguardia, el P60 se compromete a restaurar cada detalle y elemento para un diagn\u00f3stico preciso.<\/p>\n<p><strong>Dise\u00f1o mejorado<br \/>\n<\/strong>El dise\u00f1o del P60 se centra en la simplicidad y la compactaci\u00f3n, pero no compromete el rendimiento. El panel de altura ajustable y giratorio lateral y el brazo articulado del monitor pueden cumplir b\u00e1sicamente cualquier necesidad bajo circunstancias de exploraci\u00f3n diferentes.<\/p>\n","protected":false},"excerpt":{"rendered":"<p>Inteligencia Artificial Aporta una mejora sin precedentes en la efectividad y la exactitud. La adopci\u00f3n de la IA en el [&hellip;]<\/p>\n","protected":false},"featured_media":755,"comment_status":"open","ping_status":"closed","template":"","meta":{"site-sidebar-layout":"default","site-content-layout":"","ast-site-content-layout":"default","site-content-style":"default","site-sidebar-style":"default","ast-global-header-display":"","ast-banner-title-visibility":"","ast-main-header-display":"","ast-hfb-above-header-display":"","ast-hfb-below-header-display":"","ast-hfb-mobile-header-display":"","site-post-title":"","ast-breadcrumbs-content":"","ast-featured-img":"","footer-sml-layout":"","theme-transparent-header-meta":"disabled","adv-header-id-meta":"","stick-header-meta":"","header-above-stick-meta":"","header-main-stick-meta":"","header-below-stick-meta":"","astra-migrate-meta-layouts":"set","ast-page-background-enabled":"default","ast-page-background-meta":{"desktop":{"background-color":"var(--ast-global-color-4)","background-image":"","background-repeat":"repeat","background-position":"center center","background-size":"auto","background-attachment":"scroll","background-type":"","background-media":"","overlay-type":"","overlay-color":"","overlay-gradient":""},"tablet":{"background-color":"","background-image":"","background-repeat":"repeat","background-position":"center center","background-size":"auto","background-attachment":"scroll","background-type":"","background-media":"","overlay-type":"","overlay-color":"","overlay-gradient":""},"mobile":{"background-color":"","background-image":"","background-repeat":"repeat","background-position":"center center","background-size":"auto","background-attachment":"scroll","background-type":"","background-media":"","overlay-type":"","overlay-color":"","overlay-gradient":""}},"ast-content-background-meta":{"desktop":{"background-color":"var(--ast-global-color-5)","background-image":"","background-repeat":"repeat","background-position":"center center","background-size":"auto","background-attachment":"scroll","background-type":"","background-media":"","overlay-type":"","overlay-color":"","overlay-gradient":""},"tablet":{"background-color":"var(--ast-global-color-5)","background-image":"","background-repeat":"repeat","background-position":"center center","background-size":"auto","background-attachment":"scroll","background-type":"","background-media":"","overlay-type":"","overlay-color":"","overlay-gradient":""},"mobile":{"background-color":"var(--ast-global-color-5)","background-image":"","background-repeat":"repeat","background-position":"center center","background-size":"auto","background-attachment":"scroll","background-type":"","background-media":"","overlay-type":"","overlay-color":"","overlay-gradient":""}}},"product_cat":[31,39,37],"product_tag":[],"_links":{"self":[{"href":"https:\/\/dislabequipomedico.com\/index.php\/wp-json\/wp\/v2\/product\/589"}],"collection":[{"href":"https:\/\/dislabequipomedico.com\/index.php\/wp-json\/wp\/v2\/product"}],"about":[{"href":"https:\/\/dislabequipomedico.com\/index.php\/wp-json\/wp\/v2\/types\/product"}],"replies":[{"embeddable":true,"href":"https:\/\/dislabequipomedico.com\/index.php\/wp-json\/wp\/v2\/comments?post=589"}],"wp:featuredmedia":[{"embeddable":true,"href":"https:\/\/dislabequipomedico.com\/index.php\/wp-json\/wp\/v2\/media\/755"}],"wp:attachment":[{"href":"https:\/\/dislabequipomedico.com\/index.php\/wp-json\/wp\/v2\/media?parent=589"}],"wp:term":[{"taxonomy":"product_cat","embeddable":true,"href":"https:\/\/dislabequipomedico.com\/index.php\/wp-json\/wp\/v2\/product_cat?post=589"},{"taxonomy":"product_tag","embeddable":true,"href":"https:\/\/dislabequipomedico.com\/index.php\/wp-json\/wp\/v2\/product_tag?post=589"}],"curies":[{"name":"wp","href":"https:\/\/api.w.org\/{rel}","templated":true}]}}