{"id":597,"date":"2024-05-09T22:04:30","date_gmt":"2024-05-10T04:04:30","guid":{"rendered":"https:\/\/dislabequipomedico.com\/?post_type=product&#038;p=597"},"modified":"2024-06-18T15:42:55","modified_gmt":"2024-06-18T21:42:55","slug":"sonoscope-p50-elite","status":"publish","type":"product","link":"https:\/\/dislabequipomedico.com\/index.php\/producto\/sonoscope-p50-elite\/","title":{"rendered":"SonoScape P50 Elite"},"content":{"rendered":"<div id=\"bgLayers_comp-ld6ad49y\" class=\"MW5IWV\" data-hook=\"bgLayers\" data-motion-part=\"BG_LAYER\">\n<div id=\"bgMedia_comp-ld6ad49y\" class=\"VgO9Yg\" data-motion-part=\"BG_MEDIA\"><\/div>\n<\/div>\n<div class=\"\" data-mesh-id=\"comp-ld6ad49yinlineContent\" data-testid=\"inline-content\">\n<div data-mesh-id=\"comp-ld6ad49yinlineContent-gridContainer\" data-testid=\"mesh-container-content\">\n<div id=\"comp-ld6ad4a1\" class=\"HcOXKn c9GqVL QxJLC3 comp-ld6ad4a1 wixui-rich-text\" data-testid=\"richTextElement\" data-motion-enter=\"done\">\n<h2 class=\"font_2 wixui-rich-text__text\"><span class=\"wixui-rich-text__text\" style=\"color: #000000;\">CARACTER\u00cdSTICAS PRINCIPALES<\/span><\/h2>\n<ul class=\"font_4 wixui-rich-text__text\">\n<li class=\"wixui-rich-text__text\">\n<h4 class=\"font_4 wixui-rich-text__text\"><span class=\"wixui-rich-text__text\" style=\"color: #000000;\">Monitor LED de 21.5\u201d de alta definici\u00f3n<\/span><\/h4>\n<\/li>\n<li class=\"wixui-rich-text__text\">\n<h4 class=\"font_4 wixui-rich-text__text\"><span class=\"wixui-rich-text__text\" style=\"color: #000000;\">Pantalla t\u00e1ctil inclinable de 13.3\u201d<\/span><\/h4>\n<\/li>\n<li class=\"wixui-rich-text__text\">\n<h4><span class=\"wixui-rich-text__text\" style=\"color: #000000;\">Disco duro de 1 TB<\/span><\/h4>\n<\/li>\n<li class=\"wixui-rich-text__text\">\n<h4 class=\"font_4 wixui-rich-text__text\"><span class=\"wixui-rich-text__text\" style=\"color: #000000;\">5 puertos activos para transductor<\/span><\/h4>\n<\/li>\n<li class=\"wixui-rich-text__text\">\n<h4 class=\"font_4 wixui-rich-text__text\"><span class=\"wixui-rich-text__text\" style=\"color: #000000;\">Teclado con Atajos y teclas editables.<\/span><\/h4>\n<\/li>\n<li class=\"wixui-rich-text__text\">\n<h4 class=\"font_4 wixui-rich-text__text\"><span class=\"wixui-rich-text__text\" style=\"color: #000000;\">Altura y rotaci\u00f3n ajustables<\/span><\/h4>\n<\/li>\n<li class=\"wixui-rich-text__text\">\n<h4 class=\"font_4 wixui-rich-text__text\"><span class=\"wixui-rich-text__text\" style=\"color: #000000;\">Calentador de gel<\/span><\/h4>\n<\/li>\n<\/ul>\n<\/div>\n<\/div>\n<\/div>\n","protected":false},"excerpt":{"rendered":"<div id=\"comp-ltyo4kte\" class=\"HcOXKn c9GqVL QxJLC3 comp-ltyo4kte wixui-rich-text\" data-testid=\"richTextElement\" data-motion-enter=\"done\">\n<h1 class=\"font_2 wixui-rich-text__text\"><span class=\"wixui-rich-text__text\">El Equipo Ideal para Ultrasonido OB\/GYN<\/span><\/h1>\n<\/div>\n<div id=\"comp-ld6ad49d\" class=\"HcOXKn c9GqVL QxJLC3 comp-ld6ad49d wixui-rich-text\" data-testid=\"richTextElement\">\n<p class=\"font_8 wixui-rich-text__text\"><span class=\"wixui-rich-text__text\">EL P50 Elite es un equipo\u00a0potente, compacto y preciso.\u00a0Posee una calidad de imagen extraordinaria y\u00a0herramientas de medici\u00f3n\u00a0que facilitan el el trabajo a traves del an\u00e1lisis y la optimizaci\u00f3n autom\u00e1tica. Gracias a la\u00a0Inteligencia Artificial integrada\u00a0garantiza soluciones ideales para obten\u00e9r el mejor diagn\u00f3stico.<\/span><\/p>\n<\/div>\n","protected":false},"featured_media":598,"comment_status":"open","ping_status":"closed","template":"","meta":{"site-sidebar-layout":"default","site-content-layout":"","ast-site-content-layout":"default","site-content-style":"default","site-sidebar-style":"default","ast-global-header-display":"","ast-banner-title-visibility":"","ast-main-header-display":"","ast-hfb-above-header-display":"","ast-hfb-below-header-display":"","ast-hfb-mobile-header-display":"","site-post-title":"","ast-breadcrumbs-content":"","ast-featured-img":"","footer-sml-layout":"","theme-transparent-header-meta":"default","adv-header-id-meta":"","stick-header-meta":"","header-above-stick-meta":"","header-main-stick-meta":"","header-below-stick-meta":"","astra-migrate-meta-layouts":"set","ast-page-background-enabled":"default","ast-page-background-meta":{"desktop":{"background-color":"var(--ast-global-color-4)","background-image":"","background-repeat":"repeat","background-position":"center center","background-size":"auto","background-attachment":"scroll","background-type":"","background-media":"","overlay-type":"","overlay-color":"","overlay-gradient":""},"tablet":{"background-color":"","background-image":"","background-repeat":"repeat","background-position":"center center","background-size":"auto","background-attachment":"scroll","background-type":"","background-media":"","overlay-type":"","overlay-color":"","overlay-gradient":""},"mobile":{"background-color":"","background-image":"","background-repeat":"repeat","background-position":"center center","background-size":"auto","background-attachment":"scroll","background-type":"","background-media":"","overlay-type":"","overlay-color":"","overlay-gradient":""}},"ast-content-background-meta":{"desktop":{"background-color":"var(--ast-global-color-5)","background-image":"","background-repeat":"repeat","background-position":"center center","background-size":"auto","background-attachment":"scroll","background-type":"","background-media":"","overlay-type":"","overlay-color":"","overlay-gradient":""},"tablet":{"background-color":"var(--ast-global-color-5)","background-image":"","background-repeat":"repeat","background-position":"center center","background-size":"auto","background-attachment":"scroll","background-type":"","background-media":"","overlay-type":"","overlay-color":"","overlay-gradient":""},"mobile":{"background-color":"var(--ast-global-color-5)","background-image":"","background-repeat":"repeat","background-position":"center center","background-size":"auto","background-attachment":"scroll","background-type":"","background-media":"","overlay-type":"","overlay-color":"","overlay-gradient":""}}},"product_cat":[31,39,37],"product_tag":[],"_links":{"self":[{"href":"https:\/\/dislabequipomedico.com\/index.php\/wp-json\/wp\/v2\/product\/597"}],"collection":[{"href":"https:\/\/dislabequipomedico.com\/index.php\/wp-json\/wp\/v2\/product"}],"about":[{"href":"https:\/\/dislabequipomedico.com\/index.php\/wp-json\/wp\/v2\/types\/product"}],"replies":[{"embeddable":true,"href":"https:\/\/dislabequipomedico.com\/index.php\/wp-json\/wp\/v2\/comments?post=597"}],"wp:featuredmedia":[{"embeddable":true,"href":"https:\/\/dislabequipomedico.com\/index.php\/wp-json\/wp\/v2\/media\/598"}],"wp:attachment":[{"href":"https:\/\/dislabequipomedico.com\/index.php\/wp-json\/wp\/v2\/media?parent=597"}],"wp:term":[{"taxonomy":"product_cat","embeddable":true,"href":"https:\/\/dislabequipomedico.com\/index.php\/wp-json\/wp\/v2\/product_cat?post=597"},{"taxonomy":"product_tag","embeddable":true,"href":"https:\/\/dislabequipomedico.com\/index.php\/wp-json\/wp\/v2\/product_tag?post=597"}],"curies":[{"name":"wp","href":"https:\/\/api.w.org\/{rel}","templated":true}]}}