{"id":603,"date":"2024-05-09T22:20:24","date_gmt":"2024-05-10T04:20:24","guid":{"rendered":"https:\/\/dislabequipomedico.com\/?post_type=product&#038;p=603"},"modified":"2024-05-09T22:20:24","modified_gmt":"2024-05-10T04:20:24","slug":"desfibrilador-externo-automatico-zoll","status":"publish","type":"product","link":"https:\/\/dislabequipomedico.com\/index.php\/producto\/desfibrilador-externo-automatico-zoll\/","title":{"rendered":"Desfibrilador Externo Autom\u00e1tico Zoll"},"content":{"rendered":"<h6>\u00bfPor qu\u00e9 comprar el paquete ZOLL AED Plus?<\/h6>\n<p>\u2022 RCP con orientaci\u00f3n y retroalimentaci\u00f3n<br \/>\n\u2022 Electrodos de una pieza con vida en anaquel de cinco a\u00f1os<br \/>\n\u2022 Utiliza bater\u00edas comerciales accesibles<br \/>\n\u2022 Extremadamente resistente al agua<br \/>\n\u2022 Disponible en configuraci\u00f3n autom\u00e1tica o semiautom\u00e1tica<br \/>\n\u2022 Gu\u00eda completa del proceso de resucitaci\u00f3n<br \/>\n\u2022 Perfecto para rescatistas principiantes en negocios, iglesias y todo tipo de lugares p\u00fablicos<br \/>\n\u2022 La pantalla ECG est\u00e1 disponible en una versi\u00f3n mejorada para profesionales m\u00e9dicos.<\/p>\n","protected":false},"excerpt":{"rendered":"<p>\u00bfPor qu\u00e9 comprar el paquete ZOLL AED Plus? \u2022 RCP con orientaci\u00f3n y retroalimentaci\u00f3n \u2022 Electrodos de una pieza con [&hellip;]<\/p>\n","protected":false},"featured_media":604,"comment_status":"open","ping_status":"closed","template":"","meta":{"site-sidebar-layout":"default","site-content-layout":"","ast-site-content-layout":"default","site-content-style":"default","site-sidebar-style":"default","ast-global-header-display":"","ast-banner-title-visibility":"","ast-main-header-display":"","ast-hfb-above-header-display":"","ast-hfb-below-header-display":"","ast-hfb-mobile-header-display":"","site-post-title":"","ast-breadcrumbs-content":"","ast-featured-img":"","footer-sml-layout":"","theme-transparent-header-meta":"default","adv-header-id-meta":"","stick-header-meta":"","header-above-stick-meta":"","header-main-stick-meta":"","header-below-stick-meta":"","astra-migrate-meta-layouts":"set","ast-page-background-enabled":"default","ast-page-background-meta":{"desktop":{"background-color":"var(--ast-global-color-4)","background-image":"","background-repeat":"repeat","background-position":"center center","background-size":"auto","background-attachment":"scroll","background-type":"","background-media":"","overlay-type":"","overlay-color":"","overlay-gradient":""},"tablet":{"background-color":"","background-image":"","background-repeat":"repeat","background-position":"center center","background-size":"auto","background-attachment":"scroll","background-type":"","background-media":"","overlay-type":"","overlay-color":"","overlay-gradient":""},"mobile":{"background-color":"","background-image":"","background-repeat":"repeat","background-position":"center center","background-size":"auto","background-attachment":"scroll","background-type":"","background-media":"","overlay-type":"","overlay-color":"","overlay-gradient":""}},"ast-content-background-meta":{"desktop":{"background-color":"var(--ast-global-color-5)","background-image":"","background-repeat":"repeat","background-position":"center center","background-size":"auto","background-attachment":"scroll","background-type":"","background-media":"","overlay-type":"","overlay-color":"","overlay-gradient":""},"tablet":{"background-color":"var(--ast-global-color-5)","background-image":"","background-repeat":"repeat","background-position":"center center","background-size":"auto","background-attachment":"scroll","background-type":"","background-media":"","overlay-type":"","overlay-color":"","overlay-gradient":""},"mobile":{"background-color":"var(--ast-global-color-5)","background-image":"","background-repeat":"repeat","background-position":"center center","background-size":"auto","background-attachment":"scroll","background-type":"","background-media":"","overlay-type":"","overlay-color":"","overlay-gradient":""}}},"product_cat":[41,31,40],"product_tag":[],"_links":{"self":[{"href":"https:\/\/dislabequipomedico.com\/index.php\/wp-json\/wp\/v2\/product\/603"}],"collection":[{"href":"https:\/\/dislabequipomedico.com\/index.php\/wp-json\/wp\/v2\/product"}],"about":[{"href":"https:\/\/dislabequipomedico.com\/index.php\/wp-json\/wp\/v2\/types\/product"}],"replies":[{"embeddable":true,"href":"https:\/\/dislabequipomedico.com\/index.php\/wp-json\/wp\/v2\/comments?post=603"}],"wp:featuredmedia":[{"embeddable":true,"href":"https:\/\/dislabequipomedico.com\/index.php\/wp-json\/wp\/v2\/media\/604"}],"wp:attachment":[{"href":"https:\/\/dislabequipomedico.com\/index.php\/wp-json\/wp\/v2\/media?parent=603"}],"wp:term":[{"taxonomy":"product_cat","embeddable":true,"href":"https:\/\/dislabequipomedico.com\/index.php\/wp-json\/wp\/v2\/product_cat?post=603"},{"taxonomy":"product_tag","embeddable":true,"href":"https:\/\/dislabequipomedico.com\/index.php\/wp-json\/wp\/v2\/product_tag?post=603"}],"curies":[{"name":"wp","href":"https:\/\/api.w.org\/{rel}","templated":true}]}}