{"id":619,"date":"2024-05-09T22:44:57","date_gmt":"2024-05-10T04:44:57","guid":{"rendered":"https:\/\/dislabequipomedico.com\/?post_type=product&#038;p=619"},"modified":"2024-05-09T22:44:57","modified_gmt":"2024-05-10T04:44:57","slug":"lector-de-tiras-de-orina-cliniteck-status","status":"publish","type":"product","link":"https:\/\/dislabequipomedico.com\/index.php\/producto\/lector-de-tiras-de-orina-cliniteck-status\/","title":{"rendered":"LECTOR DE TIRAS DE ORINA CLINITECK STATUS"},"content":{"rendered":"<p style=\"font-weight: 400;\">Impulsa la confianza en decisiones cl\u00ednicas con (Auto-checks) realizados en cada prueba<\/p>\n<p style=\"font-weight: 400;\">Asegura la interpretaci\u00f3n consistente de los resultados con lectura y tiempo autom\u00e1tico de cada muestra de orina<\/p>\n<p style=\"font-weight: 400;\">Disponible para la conectividad a soluciones de gesti\u00f3n de datos (DMS), a trav\u00e9s de un kit sencillo de actualizaci\u00f3n<\/p>\n<p style=\"font-weight: 400;\">Ofrece un men\u00fa extenso de an\u00e1lisis de orina en el punto de atenci\u00f3n para pruebas de rutina, detecci\u00f3n temprana de enfermedad renal y prueba de embarazo hCG<\/p>\n","protected":false},"excerpt":{"rendered":"<p>Impulsa la confianza en decisiones cl\u00ednicas con (Auto-checks) realizados en cada prueba Asegura la interpretaci\u00f3n consistente de los resultados con [&hellip;]<\/p>\n","protected":false},"featured_media":620,"comment_status":"open","ping_status":"closed","template":"","meta":{"site-sidebar-layout":"default","site-content-layout":"","ast-site-content-layout":"default","site-content-style":"default","site-sidebar-style":"default","ast-global-header-display":"","ast-banner-title-visibility":"","ast-main-header-display":"","ast-hfb-above-header-display":"","ast-hfb-below-header-display":"","ast-hfb-mobile-header-display":"","site-post-title":"","ast-breadcrumbs-content":"","ast-featured-img":"","footer-sml-layout":"","theme-transparent-header-meta":"default","adv-header-id-meta":"","stick-header-meta":"","header-above-stick-meta":"","header-main-stick-meta":"","header-below-stick-meta":"","astra-migrate-meta-layouts":"set","ast-page-background-enabled":"default","ast-page-background-meta":{"desktop":{"background-color":"var(--ast-global-color-4)","background-image":"","background-repeat":"repeat","background-position":"center center","background-size":"auto","background-attachment":"scroll","background-type":"","background-media":"","overlay-type":"","overlay-color":"","overlay-gradient":""},"tablet":{"background-color":"","background-image":"","background-repeat":"repeat","background-position":"center center","background-size":"auto","background-attachment":"scroll","background-type":"","background-media":"","overlay-type":"","overlay-color":"","overlay-gradient":""},"mobile":{"background-color":"","background-image":"","background-repeat":"repeat","background-position":"center center","background-size":"auto","background-attachment":"scroll","background-type":"","background-media":"","overlay-type":"","overlay-color":"","overlay-gradient":""}},"ast-content-background-meta":{"desktop":{"background-color":"var(--ast-global-color-5)","background-image":"","background-repeat":"repeat","background-position":"center center","background-size":"auto","background-attachment":"scroll","background-type":"","background-media":"","overlay-type":"","overlay-color":"","overlay-gradient":""},"tablet":{"background-color":"var(--ast-global-color-5)","background-image":"","background-repeat":"repeat","background-position":"center center","background-size":"auto","background-attachment":"scroll","background-type":"","background-media":"","overlay-type":"","overlay-color":"","overlay-gradient":""},"mobile":{"background-color":"var(--ast-global-color-5)","background-image":"","background-repeat":"repeat","background-position":"center center","background-size":"auto","background-attachment":"scroll","background-type":"","background-media":"","overlay-type":"","overlay-color":"","overlay-gradient":""}}},"product_cat":[43,33],"product_tag":[],"_links":{"self":[{"href":"https:\/\/dislabequipomedico.com\/index.php\/wp-json\/wp\/v2\/product\/619"}],"collection":[{"href":"https:\/\/dislabequipomedico.com\/index.php\/wp-json\/wp\/v2\/product"}],"about":[{"href":"https:\/\/dislabequipomedico.com\/index.php\/wp-json\/wp\/v2\/types\/product"}],"replies":[{"embeddable":true,"href":"https:\/\/dislabequipomedico.com\/index.php\/wp-json\/wp\/v2\/comments?post=619"}],"wp:featuredmedia":[{"embeddable":true,"href":"https:\/\/dislabequipomedico.com\/index.php\/wp-json\/wp\/v2\/media\/620"}],"wp:attachment":[{"href":"https:\/\/dislabequipomedico.com\/index.php\/wp-json\/wp\/v2\/media?parent=619"}],"wp:term":[{"taxonomy":"product_cat","embeddable":true,"href":"https:\/\/dislabequipomedico.com\/index.php\/wp-json\/wp\/v2\/product_cat?post=619"},{"taxonomy":"product_tag","embeddable":true,"href":"https:\/\/dislabequipomedico.com\/index.php\/wp-json\/wp\/v2\/product_tag?post=619"}],"curies":[{"name":"wp","href":"https:\/\/api.w.org\/{rel}","templated":true}]}}