{"id":632,"date":"2024-05-09T23:04:03","date_gmt":"2024-05-10T05:04:03","guid":{"rendered":"https:\/\/dislabequipomedico.com\/?post_type=product&#038;p=632"},"modified":"2024-05-09T23:04:03","modified_gmt":"2024-05-10T05:04:03","slug":"microscopio-optico-americano-de-contraste-de-una-fase","status":"publish","type":"product","link":"https:\/\/dislabequipomedico.com\/index.php\/producto\/microscopio-optico-americano-de-contraste-de-una-fase\/","title":{"rendered":"Microscopio \u00f3ptico americano de contraste de una fase"},"content":{"rendered":"<p>El microscopio de contraste de una fase de la serie American Optical Microstar es un microscopio de laboratorio de alta calidad. Con \u00f3pticas de alta calidad y piezas m\u00f3viles duraderas, este microscopio fue dise\u00f1ado para uso intensivo a largo plazo. Este microscopio usado viene funcionando como nuevo y tiene una garant\u00eda de 1 a\u00f1o. Este fue construido en los EE. UU., \u00f3ptica y mec\u00e1nicamente es superior a muchos microscopios nuevos en el mercado hoy en d\u00eda. Podemos proporcionarlo con un cabezal de visualizaci\u00f3n binocular o trinocular; ambos vienen con un par de oculares de 10x. El microscopio tiene un rev\u00f3lver de 5 posiciones y viene con objetivos de aceite acrom\u00e1ticos planos de fase oscura de 10x, 40x y 100x. Incluye la etapa mec\u00e1nica XY y el condensador de torreta de fases. Est\u00e1 totalmente revisado y con garant\u00eda.<\/p>\n","protected":false},"excerpt":{"rendered":"<p>El microscopio de contraste de una fase de la serie American Optical Microstar es un microscopio de laboratorio de alta [&hellip;]<\/p>\n","protected":false},"featured_media":633,"comment_status":"open","ping_status":"closed","template":"","meta":{"site-sidebar-layout":"default","site-content-layout":"","ast-site-content-layout":"default","site-content-style":"default","site-sidebar-style":"default","ast-global-header-display":"","ast-banner-title-visibility":"","ast-main-header-display":"","ast-hfb-above-header-display":"","ast-hfb-below-header-display":"","ast-hfb-mobile-header-display":"","site-post-title":"","ast-breadcrumbs-content":"","ast-featured-img":"","footer-sml-layout":"","theme-transparent-header-meta":"disabled","adv-header-id-meta":"","stick-header-meta":"","header-above-stick-meta":"","header-main-stick-meta":"","header-below-stick-meta":"","astra-migrate-meta-layouts":"set","ast-page-background-enabled":"default","ast-page-background-meta":{"desktop":{"background-color":"var(--ast-global-color-4)","background-image":"","background-repeat":"repeat","background-position":"center center","background-size":"auto","background-attachment":"scroll","background-type":"","background-media":"","overlay-type":"","overlay-color":"","overlay-gradient":""},"tablet":{"background-color":"","background-image":"","background-repeat":"repeat","background-position":"center center","background-size":"auto","background-attachment":"scroll","background-type":"","background-media":"","overlay-type":"","overlay-color":"","overlay-gradient":""},"mobile":{"background-color":"","background-image":"","background-repeat":"repeat","background-position":"center center","background-size":"auto","background-attachment":"scroll","background-type":"","background-media":"","overlay-type":"","overlay-color":"","overlay-gradient":""}},"ast-content-background-meta":{"desktop":{"background-color":"var(--ast-global-color-5)","background-image":"","background-repeat":"repeat","background-position":"center center","background-size":"auto","background-attachment":"scroll","background-type":"","background-media":"","overlay-type":"","overlay-color":"","overlay-gradient":""},"tablet":{"background-color":"var(--ast-global-color-5)","background-image":"","background-repeat":"repeat","background-position":"center center","background-size":"auto","background-attachment":"scroll","background-type":"","background-media":"","overlay-type":"","overlay-color":"","overlay-gradient":""},"mobile":{"background-color":"var(--ast-global-color-5)","background-image":"","background-repeat":"repeat","background-position":"center center","background-size":"auto","background-attachment":"scroll","background-type":"","background-media":"","overlay-type":"","overlay-color":"","overlay-gradient":""}}},"product_cat":[44],"product_tag":[],"_links":{"self":[{"href":"https:\/\/dislabequipomedico.com\/index.php\/wp-json\/wp\/v2\/product\/632"}],"collection":[{"href":"https:\/\/dislabequipomedico.com\/index.php\/wp-json\/wp\/v2\/product"}],"about":[{"href":"https:\/\/dislabequipomedico.com\/index.php\/wp-json\/wp\/v2\/types\/product"}],"replies":[{"embeddable":true,"href":"https:\/\/dislabequipomedico.com\/index.php\/wp-json\/wp\/v2\/comments?post=632"}],"wp:featuredmedia":[{"embeddable":true,"href":"https:\/\/dislabequipomedico.com\/index.php\/wp-json\/wp\/v2\/media\/633"}],"wp:attachment":[{"href":"https:\/\/dislabequipomedico.com\/index.php\/wp-json\/wp\/v2\/media?parent=632"}],"wp:term":[{"taxonomy":"product_cat","embeddable":true,"href":"https:\/\/dislabequipomedico.com\/index.php\/wp-json\/wp\/v2\/product_cat?post=632"},{"taxonomy":"product_tag","embeddable":true,"href":"https:\/\/dislabequipomedico.com\/index.php\/wp-json\/wp\/v2\/product_tag?post=632"}],"curies":[{"name":"wp","href":"https:\/\/api.w.org\/{rel}","templated":true}]}}